{"id":707,"date":"2013-06-27T14:41:29","date_gmt":"2013-06-27T12:41:29","guid":{"rendered":"http:\/\/www.materialgruppe.de\/?page_id=707"},"modified":"2019-06-17T21:16:05","modified_gmt":"2019-06-17T19:16:05","slug":"lieferzeit","status":"publish","type":"page","link":"https:\/\/www.beschaffungsstrategie.de\/?page_id=707","title":{"rendered":"Lieferzeit"},"content":{"rendered":"<p>Mit der Lieferzeit \u2013 weitere sind Lieferumfang, Lieferqualit\u00e4t und Lieferkonditionen \u2013 tritt ein wichtiger Indikator zur Beurteilung des Lieferservices von Unternehmen in Erscheinung. In Liefervertr\u00e4gen werden diese Gr\u00f6\u00dfen zwischen den Vertragspartnern formuliert [Vgl. Reese; Vahlens Gro\u00dfes Logistik Lexikon; S. 537].<\/p>\n<p>Die Dauer einer Lieferzeit eines Produktes h\u00e4ngt ma\u00dfgeblich von den \u00fcblichen\/geforderten Kundenwunschterminen ab. Akzeptiert der Kunde ausschlie\u00dflich kurze Lieferzeiten bei h\u00f6heren Wiederbeschaffungszeiten, so empfiehlt sich eine Bevorratungsstrategie. Eine niedrige Lieferzeit gilt allgemein als logistisches Ziel und ist die Zeitdauer zwischen Auftragserteilung und Auftragserf\u00fcllung (Liefertermin).<\/p>\n<p>Zur Vereinfachung von Beschaffungsvorg\u00e4ngen werden von Herstellern und Lieferanten Standard- bzw. Regellieferzeiten zu Produkten angegeben. Lieferzeiten k\u00f6nnen saisonal oder konjunkturell bedingt deutlich h\u00f6her als die Regellieferzeiten ausfallen. Durch verbesserte Prozesse innerhalb der Supply Chain k\u00f6nnen diese jedoch auch verk\u00fcrzt werden.<\/p>\n<p><span style=\"color: rgb(255, 0, 0);\">15M-Architektur: <\/span>Modul 9: Lieferanten bewerten und klassifizieren [He\u00df; Supply-Strategien; S. 291]<\/p>\n<p><span style=\"color: rgb(255, 0, 0);\">Quellen\/Literaturhinweise: <\/span><a href=\"http:\/\/www.beschaffungsstrategie.de\/html\/die_15m-architekturr.html\">He\u00df, Gerhard; Supply-Strategien in Einkauf und Beschaffung; 2. Auflage (2010); Gabler Verlag Wiesbaden<\/a> Reese, Joachim; Vahlens Gro\u00dfes Logistik Lexikon; Verlag Vahlen M\u00fcnchen (1997)<\/p>\n<p><span style=\"color: rgb(255, 0, 0);\">Verbundene Schlagworte: <\/span>Wiederbeschaffungszeit<\/p>\n<p><span style=\"color: rgb(255, 0, 0);\">Vertiefungen\/Studien:<\/span><\/p>\n<p><span style=\"color: rgb(255, 0, 0);\">Weiterf\u00fchrende Links: <\/span><a href=\"http:\/\/books.google.de\/books?id=VclfAUJccs0C&amp;printsec=frontcover&amp;dq=supply+strategien+in+einkauf+und+beschaffung&amp;hl=de&amp;ei=fylYTKOyNYz9sQbInLm8Cg&amp;sa=X&amp;oi=book_result&amp;ct=result&amp;resnum=1&amp;ved=0CDMQ6AEwAA#v=onepage&amp;q&amp;f=false\">He\u00df, Gerhard; Supply-Strategien in Einkauf und Beschaffung; 2. Auflage (2010); Gabler Verlag Wiesbaden<\/a><\/p>\n<p>&nbsp;<\/p>\n<p><span>Autor: M. Reed &#8211; 20101011 &nbsp;<\/span><\/p>\n","protected":false},"excerpt":{"rendered":"<p>Mit der Lieferzeit \u2013 weitere sind Lieferumfang, Lieferqualit\u00e4t und Lieferkonditionen \u2013 tritt ein wichtiger Indikator zur Beurteilung des Lieferservices von Unternehmen in Erscheinung. In Liefervertr\u00e4gen werden diese Gr\u00f6\u00dfen zwischen den Vertragspartnern formuliert [Vgl. Reese; Vahlens Gro\u00dfes Logistik Lexikon; S. 537]. &hellip; <a href=\"https:\/\/www.beschaffungsstrategie.de\/?page_id=707\">Weiterlesen <span class=\"meta-nav\">&rarr;<\/span><\/a><\/p>\n","protected":false},"author":1,"featured_media":0,"parent":0,"menu_order":0,"comment_status":"closed","ping_status":"closed","template":"","meta":{"footnotes":""},"class_list":["post-707","page","type-page","status-publish","hentry"],"_links":{"self":[{"href":"https:\/\/www.beschaffungsstrategie.de\/index.php?rest_route=\/wp\/v2\/pages\/707","targetHints":{"allow":["GET"]}}],"collection":[{"href":"https:\/\/www.beschaffungsstrategie.de\/index.php?rest_route=\/wp\/v2\/pages"}],"about":[{"href":"https:\/\/www.beschaffungsstrategie.de\/index.php?rest_route=\/wp\/v2\/types\/page"}],"author":[{"embeddable":true,"href":"https:\/\/www.beschaffungsstrategie.de\/index.php?rest_route=\/wp\/v2\/users\/1"}],"replies":[{"embeddable":true,"href":"https:\/\/www.beschaffungsstrategie.de\/index.php?rest_route=%2Fwp%2Fv2%2Fcomments&post=707"}],"version-history":[{"count":2,"href":"https:\/\/www.beschaffungsstrategie.de\/index.php?rest_route=\/wp\/v2\/pages\/707\/revisions"}],"predecessor-version":[{"id":3578,"href":"https:\/\/www.beschaffungsstrategie.de\/index.php?rest_route=\/wp\/v2\/pages\/707\/revisions\/3578"}],"wp:attachment":[{"href":"https:\/\/www.beschaffungsstrategie.de\/index.php?rest_route=%2Fwp%2Fv2%2Fmedia&parent=707"}],"curies":[{"name":"wp","href":"https:\/\/api.w.org\/{rel}","templated":true}]}}