{"id":711,"date":"2013-06-27T14:42:48","date_gmt":"2013-06-27T12:42:48","guid":{"rendered":"http:\/\/www.materialgruppe.de\/?page_id=711"},"modified":"2019-07-09T23:20:37","modified_gmt":"2019-07-09T21:20:37","slug":"luftfracht-container","status":"publish","type":"page","link":"https:\/\/www.beschaffungsstrategie.de\/?page_id=711","title":{"rendered":"Luftfracht Container"},"content":{"rendered":"<table border=\"0\" width=\"690\" cellspacing=\"0\" cellpadding=\"0\">\n<tbody>\n<tr align=\"LEFT\" valign=\"TOP\">\n<td width=\"575\">Mittels eindeutiger Abk\u00fcrzungen der International Air Transport Association (IATA) k\u00f6nnen standarisierte Luftfracht Container f\u00fcr die Bef\u00f6rderung per Flugzeug unterschieden werden.&nbsp;<\/p>\n<p>Unterschiedliche Luftfracht Container:<\/p>\n<p>10-Fu\u00df-Palette (IATA-Code: PMC) Schwerlast-Palette (PGF) 10-Fu\u00df Hauptdeck Container (AMAI oder AQG) K\u00fchlcontainer (RPM) Unterdeck-Container LD3 (AKE) Dreifach-Pferde-Container (HMI oder HMA)<\/p>\n<p>[Vgl. Schiek; Logistik; S. 223]<\/p>\n<p><span style=\"color: #ff0000;\">Quellen\/Literaturhinweise: <\/span>Schiek, Arno; Internationale Logistik; Oldenbourg Verlag M\u00fcnchen (2008)<\/p>\n<p><span style=\"color: #ff0000;\">Verbundene Schlagworte: <\/span>Luftfracht, Transportwesen, Verkehrstr\u00e4ger<\/p>\n<p><span style=\"color: #ff0000;\">Vertiefungen\/Studien:<\/span><\/p>\n<p><span style=\"color: #ff0000;\">Weiterf\u00fchrende Links: <\/span><a href=\"http:\/\/books.google.de\/books?id=wY_GpjLcgcgC&amp;pg=PA223&amp;lpg=PA223&amp;dq=ake+Luftfracht&amp;source=bl&amp;ots=y0jRAC0APQ&amp;sig=mK5imUtmibwZxMcp8iWBaCmER7M&amp;hl=de&amp;ei=05UaSuH3J8SK_Qb-2uztDA&amp;sa=X&amp;oi=book_result&amp;ct=result&amp;resnum=10#PPA223,M1\">Schieck, Arno; Internationale Logistik; Oldenbourg Verlag M\u00fcnchen (2008)<\/a><\/p>\n<p><a href=\"http:\/\/www.csi-spedition.de\/luftfracht-export.htm\">CSI-GmbH, International Logistics, Luftfracht-Export<\/a><\/p>\n<p><a href=\"http:\/\/www.spedition-eberl.de\/leistungen\/luftfracht\/luftfracht-container\/\">Spedition Eberl, Luftfracht Container<\/a><\/p>\n<p>&nbsp;<\/p>\n<p>Autor: M. Reed &#8211; 20100824<\/td>\n<\/tr>\n<\/tbody>\n<\/table>\n","protected":false},"excerpt":{"rendered":"<p>Mittels eindeutiger Abk\u00fcrzungen der International Air Transport Association (IATA) k\u00f6nnen standarisierte Luftfracht Container f\u00fcr die Bef\u00f6rderung per Flugzeug unterschieden werden.&nbsp; Unterschiedliche Luftfracht Container: 10-Fu\u00df-Palette (IATA-Code: PMC) Schwerlast-Palette (PGF) 10-Fu\u00df Hauptdeck Container (AMAI oder AQG) K\u00fchlcontainer (RPM) Unterdeck-Container LD3 (AKE) Dreifach-Pferde-Container &hellip; <a href=\"https:\/\/www.beschaffungsstrategie.de\/?page_id=711\">Weiterlesen <span class=\"meta-nav\">&rarr;<\/span><\/a><\/p>\n","protected":false},"author":1,"featured_media":0,"parent":0,"menu_order":0,"comment_status":"closed","ping_status":"closed","template":"","meta":{"footnotes":""},"class_list":["post-711","page","type-page","status-publish","hentry"],"_links":{"self":[{"href":"https:\/\/www.beschaffungsstrategie.de\/index.php?rest_route=\/wp\/v2\/pages\/711","targetHints":{"allow":["GET"]}}],"collection":[{"href":"https:\/\/www.beschaffungsstrategie.de\/index.php?rest_route=\/wp\/v2\/pages"}],"about":[{"href":"https:\/\/www.beschaffungsstrategie.de\/index.php?rest_route=\/wp\/v2\/types\/page"}],"author":[{"embeddable":true,"href":"https:\/\/www.beschaffungsstrategie.de\/index.php?rest_route=\/wp\/v2\/users\/1"}],"replies":[{"embeddable":true,"href":"https:\/\/www.beschaffungsstrategie.de\/index.php?rest_route=%2Fwp%2Fv2%2Fcomments&post=711"}],"version-history":[{"count":4,"href":"https:\/\/www.beschaffungsstrategie.de\/index.php?rest_route=\/wp\/v2\/pages\/711\/revisions"}],"predecessor-version":[{"id":3649,"href":"https:\/\/www.beschaffungsstrategie.de\/index.php?rest_route=\/wp\/v2\/pages\/711\/revisions\/3649"}],"wp:attachment":[{"href":"https:\/\/www.beschaffungsstrategie.de\/index.php?rest_route=%2Fwp%2Fv2%2Fmedia&parent=711"}],"curies":[{"name":"wp","href":"https:\/\/api.w.org\/{rel}","templated":true}]}}