{"id":716,"date":"2013-06-27T14:45:05","date_gmt":"2013-06-27T12:45:05","guid":{"rendered":"http:\/\/www.materialgruppe.de\/?page_id=716"},"modified":"2019-06-17T21:27:09","modified_gmt":"2019-06-17T19:27:09","slug":"materialgruppenschlussel","status":"publish","type":"page","link":"https:\/\/www.beschaffungsstrategie.de\/?page_id=716","title":{"rendered":"Materialgruppenschl\u00fcssel"},"content":{"rendered":"<p>Mit dem Materialgruppenschl\u00fcssel werden die einzelnen Materialgruppen und Untergruppen eines Unternehmens transparent angesprochen. Der Einkauf ben\u00f6tigt den Materialgruppenschl\u00fcssel zur konzern-\/unternehmensumfassenden Ermittlung der konsolidierten Beschaffungsvolumen und des globalen Bedarfes [Vgl. Bogaschewsky; Die Automobilindustrie; S. 146]. Voll entwickelte und etablierte Materialgruppen erleichtern Unternehmen die Verwendung von Materialgruppenschl\u00fcsseln, wie bspw. ecl@ss oder etim.<\/p>\n<p><span style=\"color: rgb(255, 0, 0);\">15M-Architektur: <\/span>Modul 4: Supply-M\u00e4rkte definieren und priorisieren [He\u00df; Supply-Strategien; S. 145]<\/p>\n<p><span style=\"color: rgb(255, 0, 0);\">Quellen\/Literaturhinweise: <\/span>Bogaschewsky, Ronald; in Garcia, Francisco; Die Automobilindustrie auf dem Weg zur globalen Netzwerkkompetenz; Springer Verlag Berlin (2007) <a href=\"http:\/\/www.beschaffungsstrategie.de\/html\/die_15m-architekturr.html\">He\u00df, Gerhard; Supply-Strategien in Einkauf und Beschaffung; 2. Auflage (2010); Gabler Verlag Wiesbaden<\/a><\/p>\n<p><span style=\"color: rgb(255, 0, 0);\">Verbundene Schlagworte: <\/span>Materialgruppenmanagement, Klassifikation, Materialklassifikation<\/p>\n<p><span style=\"color: rgb(255, 0, 0);\">Vertiefungen\/Studien:<\/span><\/p>\n<p><span style=\"color: rgb(255, 0, 0);\">Weiterf\u00fchrende Links: <\/span><a href=\"javascript:void(0)\">Bogaschewsky, Ronald; in Garcia, Francisco; Die Automobilindustrie auf dem Weg zur globalen Netzwerkkompetenz; Springer Verlag Berlin (2007)<\/a><\/p>\n<p><a href=\"http:\/\/books.google.de\/books?id=VclfAUJccs0C&amp;printsec=frontcover&amp;dq=supply+strategien+in+einkauf+und+beschaffung&amp;hl=de&amp;ei=fylYTKOyNYz9sQbInLm8Cg&amp;sa=X&amp;oi=book_result&amp;ct=result&amp;resnum=1&amp;ved=0CDMQ6AEwAA#v=onepage&amp;q&amp;f=false\">He\u00df, Gerhard; Supply-Strategien in Einkauf und Beschaffung; 2. Auflage (2010); Gabler Verlag Wiesbaden<\/a><\/p>\n<p><a href=\"javascript:void(0)\">Piontek, Jochem; Beschaffungscontrolling; 3. Auflage (2004); Oldenbourg Verlag M\u00fcnchen<\/a><\/p>\n<p><a href=\"http:\/\/www.klassifikationsstandard.de\/eClass\/\">klassifikationsstandard.de<\/a><\/p>\n<p>&nbsp;<\/p>\n<p><span>Autor: M. Reed &#8211; 20101108 &nbsp;<\/span><\/p>\n","protected":false},"excerpt":{"rendered":"<p>Mit dem Materialgruppenschl\u00fcssel werden die einzelnen Materialgruppen und Untergruppen eines Unternehmens transparent angesprochen. Der Einkauf ben\u00f6tigt den Materialgruppenschl\u00fcssel zur konzern-\/unternehmensumfassenden Ermittlung der konsolidierten Beschaffungsvolumen und des globalen Bedarfes [Vgl. Bogaschewsky; Die Automobilindustrie; S. 146]. Voll entwickelte und etablierte Materialgruppen erleichtern &hellip; <a href=\"https:\/\/www.beschaffungsstrategie.de\/?page_id=716\">Weiterlesen <span class=\"meta-nav\">&rarr;<\/span><\/a><\/p>\n","protected":false},"author":1,"featured_media":0,"parent":0,"menu_order":0,"comment_status":"closed","ping_status":"closed","template":"","meta":{"footnotes":""},"class_list":["post-716","page","type-page","status-publish","hentry"],"_links":{"self":[{"href":"https:\/\/www.beschaffungsstrategie.de\/index.php?rest_route=\/wp\/v2\/pages\/716","targetHints":{"allow":["GET"]}}],"collection":[{"href":"https:\/\/www.beschaffungsstrategie.de\/index.php?rest_route=\/wp\/v2\/pages"}],"about":[{"href":"https:\/\/www.beschaffungsstrategie.de\/index.php?rest_route=\/wp\/v2\/types\/page"}],"author":[{"embeddable":true,"href":"https:\/\/www.beschaffungsstrategie.de\/index.php?rest_route=\/wp\/v2\/users\/1"}],"replies":[{"embeddable":true,"href":"https:\/\/www.beschaffungsstrategie.de\/index.php?rest_route=%2Fwp%2Fv2%2Fcomments&post=716"}],"version-history":[{"count":2,"href":"https:\/\/www.beschaffungsstrategie.de\/index.php?rest_route=\/wp\/v2\/pages\/716\/revisions"}],"predecessor-version":[{"id":3583,"href":"https:\/\/www.beschaffungsstrategie.de\/index.php?rest_route=\/wp\/v2\/pages\/716\/revisions\/3583"}],"wp:attachment":[{"href":"https:\/\/www.beschaffungsstrategie.de\/index.php?rest_route=%2Fwp%2Fv2%2Fmedia&parent=716"}],"curies":[{"name":"wp","href":"https:\/\/api.w.org\/{rel}","templated":true}]}}