{"id":732,"date":"2013-06-27T14:51:23","date_gmt":"2013-06-27T12:51:23","guid":{"rendered":"http:\/\/www.materialgruppe.de\/?page_id=732"},"modified":"2019-06-17T21:44:13","modified_gmt":"2019-06-17T19:44:13","slug":"preferential-sourcing","status":"publish","type":"page","link":"https:\/\/www.beschaffungsstrategie.de\/?page_id=732","title":{"rendered":"Preferential Sourcing"},"content":{"rendered":"<p>Im Beschaffungsmarkt sollte die Zahl der Lieferanten m\u00f6glichst niedrig gehalten werden. Dies kann durch eine Preferential Sourcing Strategie (Vorzugslieferantenstrategie) erreicht werden. Ausgew\u00e4hlte Lieferanten mit hervorragender Leistung bzgl. Qualit\u00e4t (Produkte und Prozesse), Preis-\/Leistungsverh\u00e4ltnis, Prozesssicherheit werden vorzugsweise behandelt durch festgelegte Beschaffungsquoten. Demnach k\u00f6nnte Lieferant A 40%, Lieferant B 35% und Lieferant C mit 25% des Einkaufsvolumens einer bestimmten Artikelnummer erhalten. Im Lieferantenmanagement findet die Durchf\u00fchrung der Lieferantenidentifikation, Freigabe, Steuerung\/Bewertung und Dokumentation mittels Bidderlists in ERP-Softwaresytemen statt [Vgl. He\u00df; Supply-Strategien; S. 238].<\/p>\n<p>Klassische Einsatzfelder des Preferential Sourcing sind Beschaffungsartikel mit hoher Versorgungskomplexit\u00e4t und Beschaffungsaktivit\u00e4ten in Supply-M\u00e4rkten f\u00fcr strategische Artikel (A-Teile) bzw. Engpassartikel. Aus Kostengr\u00fcnden empfiehlt es sich, bereits w\u00e4hrend der Produkterstellungsphase (Entwicklung und Konstruktion) mit wenigen Lieferanten eng zusammenzuarbeiten, den Vorzugslieferanten [Vgl. Ehrlenspiel; Kosteng\u00fcnstig Entwickeln und Konstruieren; S. 210].<\/p>\n<p><span style=\"color: rgb(255, 0, 0);\">15M-Architektur:<br \/>\n<\/span>Modul 7: Gestaltungsfelder analysieren und strategische Optionen identifizieren [He\u00df; Supply-Strategien; S. 238]<\/p>\n<p><span style=\"color: rgb(255, 0, 0);\">Quellen\/Literaturhinweise:<br \/>\n<\/span>Ehrlenspiel, Klaus; Kosteng\u00fcnstig Entwickeln und Konstruieren; 6.Auflage (2007); Springer Verlag Berlin<br \/>\n<a title=\"15M-Architektur\" href=\"http:\/\/www.beschaffungsstrategie.de\/?page_id=12\">He\u00df, Gerhard; Supply-Strategien in Einkauf und Beschaffung; 2. Auflage (2010); Gabler Verlag Wiesbaden<\/a><\/p>\n<p><span style=\"color: rgb(255, 0, 0);\">Verbundene Schlagworte:<br \/>\n<\/span>Vorzugslieferant, Lieferantenstrategie, Vorzugslieferantenstrategie, Lieferantenpyramide, Lieferantenhierarchie<\/p>\n<p><span style=\"color: rgb(255, 0, 0);\">Vertiefungen\/Studien:<\/span><\/p>\n<p><span style=\"color: rgb(255, 0, 0);\">Weiterf\u00fchrende Links:<br \/>\n<\/span><a href=\"http:\/\/books.google.de\/books?id=eqyZR8clkJ0C&amp;pg=PA54&amp;dq=Vorzugslieferant&amp;hl=de&amp;ei=8wUwTba_OofDswaQ9IH-CQ&amp;sa=X&amp;oi=book_result&amp;ct=result&amp;resnum=6&amp;ved=0CEIQ6AEwBQ#v=onepage&amp;q=Vorzugslieferant&amp;f=false\">Brenner, Walter; Elektronische Beschaffung; Springer Verlag Berlin (2007)<\/a><\/p>\n<p><a href=\"http:\/\/books.google.de\/books?id=fXXafrDFiR8C&amp;pg=PA212&amp;dq=Vorzugslieferant&amp;hl=de&amp;ei=8wUwTba_OofDswaQ9IH-CQ&amp;sa=X&amp;oi=book_result&amp;ct=result&amp;resnum=10&amp;ved=0CFUQ6AEwCQ#v=onepage&amp;q&amp;f=false\">Ehrlenspiel, Klaus; Kosteng\u00fcnstig Entwickeln und Konstruieren; 6.Auflage (2007); Springer Verlag Berlin<\/a><\/p>\n<p><a href=\"http:\/\/books.google.de\/books?id=VclfAUJccs0C&amp;printsec=frontcover&amp;dq=supply+strategien+in+einkauf+und+beschaffung&amp;hl=de&amp;ei=fylYTKOyNYz9sQbInLm8Cg&amp;sa=X&amp;oi=book_result&amp;ct=result&amp;resnum=1&amp;ved=0CDMQ6AEwAA#v=onepage&amp;q&amp;f=false\">He\u00df, Gerhard; Supply-Strategien in Einkauf und Beschaffung; 2. Auflage (2010); Gabler Verlag Wiesbaden<\/a><\/p>\n<p>&nbsp;<\/p>\n<p><span>Autor: M. Reed &#8211; 20110114 &nbsp;<\/span><\/p>\n","protected":false},"excerpt":{"rendered":"<p>Im Beschaffungsmarkt sollte die Zahl der Lieferanten m\u00f6glichst niedrig gehalten werden. Dies kann durch eine Preferential Sourcing Strategie (Vorzugslieferantenstrategie) erreicht werden. Ausgew\u00e4hlte Lieferanten mit hervorragender Leistung bzgl. Qualit\u00e4t (Produkte und Prozesse), Preis-\/Leistungsverh\u00e4ltnis, Prozesssicherheit werden vorzugsweise behandelt durch festgelegte Beschaffungsquoten. Demnach &hellip; <a href=\"https:\/\/www.beschaffungsstrategie.de\/?page_id=732\">Weiterlesen <span class=\"meta-nav\">&rarr;<\/span><\/a><\/p>\n","protected":false},"author":1,"featured_media":0,"parent":0,"menu_order":0,"comment_status":"closed","ping_status":"closed","template":"","meta":{"footnotes":""},"class_list":["post-732","page","type-page","status-publish","hentry"],"_links":{"self":[{"href":"https:\/\/www.beschaffungsstrategie.de\/index.php?rest_route=\/wp\/v2\/pages\/732","targetHints":{"allow":["GET"]}}],"collection":[{"href":"https:\/\/www.beschaffungsstrategie.de\/index.php?rest_route=\/wp\/v2\/pages"}],"about":[{"href":"https:\/\/www.beschaffungsstrategie.de\/index.php?rest_route=\/wp\/v2\/types\/page"}],"author":[{"embeddable":true,"href":"https:\/\/www.beschaffungsstrategie.de\/index.php?rest_route=\/wp\/v2\/users\/1"}],"replies":[{"embeddable":true,"href":"https:\/\/www.beschaffungsstrategie.de\/index.php?rest_route=%2Fwp%2Fv2%2Fcomments&post=732"}],"version-history":[{"count":4,"href":"https:\/\/www.beschaffungsstrategie.de\/index.php?rest_route=\/wp\/v2\/pages\/732\/revisions"}],"predecessor-version":[{"id":3591,"href":"https:\/\/www.beschaffungsstrategie.de\/index.php?rest_route=\/wp\/v2\/pages\/732\/revisions\/3591"}],"wp:attachment":[{"href":"https:\/\/www.beschaffungsstrategie.de\/index.php?rest_route=%2Fwp%2Fv2%2Fmedia&parent=732"}],"curies":[{"name":"wp","href":"https:\/\/api.w.org\/{rel}","templated":true}]}}