{"id":738,"date":"2013-06-27T14:53:46","date_gmt":"2013-06-27T12:53:46","guid":{"rendered":"http:\/\/www.materialgruppe.de\/?page_id=738"},"modified":"2021-02-10T15:02:21","modified_gmt":"2021-02-10T14:02:21","slug":"purchasing","status":"publish","type":"page","link":"https:\/\/www.beschaffungsstrategie.de\/?page_id=738","title":{"rendered":"Purchasing"},"content":{"rendered":"<table style=\"width: 713px;\" border=\"0\" cellspacing=\"0\" cellpadding=\"0\">\n<tbody>\n<tr align=\"LEFT\" valign=\"TOP\">\n<td colspan=\"4\" width=\"590\">Purchasing (engl.) steht f\u00fcr \u201eEinkauf\u201c. Der Einkauf stellt eine sehr wichtige Schnittstelle zu den Lieferanten dar und wird h\u00e4ufig wegen verschiedener Ausrichtungen des Aufgabenspektrums in operativen und strategischen Einkauf unterteilt. Aus der historischen Entwicklung heraus werden mit Purchasing die operativen T\u00e4tigkeiten angesprochen. Zu den Aufgaben des operativen Einkaufs geh\u00f6ren [Vgl. Pf\u00fctzenreuther; Einkaufen; S. 10]:<\/p>\n<ul>\n<li>Bedarfe kl\u00e4ren<\/li>\n<li>Lieferanten suchen und ausw\u00e4hlen<\/li>\n<li>Bestellungen schreiben<\/li>\n<li>Angebote einholen\/vergleichen<\/li>\n<li>Termine und Lieferungen \u00fcberwachen<\/li>\n<li>Reklamationen bearbeiten<\/li>\n<li>Rechnungen pr\u00fcfen<\/li>\n<\/ul>\n<p>Die operativen T\u00e4tigkeiten m\u00fcssen sich an der strategischen Ausrichtung des Supply Managements orientieren [Siehe Abb.].<\/td>\n<td><\/td>\n<\/tr>\n<tr align=\"LEFT\" valign=\"TOP\">\n<td colspan=\"6\" height=\"23\"><\/td>\n<\/tr>\n<tr align=\"LEFT\" valign=\"TOP\">\n<td colspan=\"3\" height=\"330\"><\/td>\n<td width=\"580\"><a href=\"http:\/\/www.beschaffungsstrategie.de\/wp-content\/uploads\/2013\/06\/Purchasing.jpg\"><img loading=\"lazy\" decoding=\"async\" class=\" wp-image-2059 alignleft\" src=\"http:\/\/www.beschaffungsstrategie.de\/wp-content\/uploads\/2013\/06\/Purchasing.jpg\" alt=\"Purchasing\" width=\"556\" height=\"362\" srcset=\"https:\/\/www.beschaffungsstrategie.de\/wp-content\/uploads\/2013\/06\/Purchasing.jpg 926w, https:\/\/www.beschaffungsstrategie.de\/wp-content\/uploads\/2013\/06\/Purchasing-300x195.jpg 300w, https:\/\/www.beschaffungsstrategie.de\/wp-content\/uploads\/2013\/06\/Purchasing-460x300.jpg 460w\" sizes=\"auto, (max-width: 556px) 100vw, 556px\" \/><\/a><\/td>\n<td colspan=\"2\"><\/td>\n<\/tr>\n<tr align=\"LEFT\" valign=\"TOP\">\n<td colspan=\"6\" height=\"13\"><\/td>\n<\/tr>\n<tr align=\"LEFT\" valign=\"TOP\">\n<td colspan=\"2\"><\/td>\n<td colspan=\"4\" width=\"612\">\n<p align=\"CENTER\"><i>Abb.: Aufgaben und Aktivit\u00e4ten von Einkauf, Beschaffung und Supply Management \u00a0[Quelle: L\u00fchrs; Kostentransparenz; S. 10]<\/i><\/p>\n<p>In der Literatur ist h\u00e4ufig der \u00dcbergang von der Beschaffung zum Supply Management durch das Supplier Relationship Management (SRM) gepr\u00e4gt [Vgl. Jahns; Wertsch\u00f6pfungsmanagement; S. 60]. Innerhalb des Supply Managements m\u00fcssen ebenso die Netzwerke und Prozesse zwischen den Partnern gepflegt werden.<\/p>\n<p><span style=\"color: #ff0000;\">15M-Architektur:<br \/>\n<\/span>Modul: Begriffskl\u00e4rung\/Grundlagen [He\u00df; Supply-Strategien; S. 21]<\/p>\n<p><span style=\"color: #ff0000;\">Quellen\/Literaturhinweise:<br \/>\n<\/span><a title=\"15M-Architektur\" href=\"http:\/\/www.beschaffungsstrategie.de\/?page_id=12\">He\u00df, Gerhard; Supply-Strategien in Einkauf und Beschaffung; 2. Auflage (2010); Gabler Verlag Wiesbaden<\/a><br \/>\nJahns, Christopher; Strategisches Wertsch\u00f6pfungsmanagement; SMG Publishing AG St. Gallen (2005)<br \/>\nL\u00fchrs, Sebastian; Kostentransparenz in der Supply Chain; Gabler Verlag Wiesbaden (2010) Pf\u00fctzenreuther, J\u00f6rg; Einkaufen wie die Profis; BusinessVillage G\u00f6ttingen (2009)<\/p>\n<p><span style=\"color: #ff0000;\">Verbundene Schlagworte:<br \/>\n<\/span>Global Purchasing, Desktop Purchasing System, Purchasing Managers Index, Einkaufscontrolling, Lieferantenmanagement<\/p>\n<p><span style=\"color: #ff0000;\">Vertiefungen\/Studien:<\/span><\/p>\n<p><a href=\"http:\/\/books.google.de\/books?id=VclfAUJccs0C&amp;printsec=frontcover&amp;dq=supply+strategien+in+einkauf+und+beschaffung&amp;hl=de&amp;ei=fylYTKOyNYz9sQbInLm8Cg&amp;sa=X&amp;oi=book_result&amp;ct=result&amp;resnum=1&amp;ved=0CDMQ6AEwAA#v=onepage&amp;q&amp;f=false\"><span style=\"color: #ff0000;\">Weiterf\u00fchrende Links:<br \/>\n<\/span>He\u00df, Gerhard; Supply-Strategien in Einkauf und Beschaffung; 2. Auflage (2010); Gabler Verlag Wiesbaden<\/a><\/p>\n<p><a href=\"http:\/\/books.google.de\/books?id=Os6GrMdNoxYC&amp;pg=PA9&amp;dq=einkauf+beschaffung&amp;hl=de&amp;ei=FHMtTfL2H8TJ4gbD3PSACw&amp;sa=X&amp;oi=book_result&amp;ct=result&amp;resnum=8&amp;ved=0CE8Q6AEwBw#v=onepage&amp;q=einkauf%20beschaffung&amp;f=false\">L\u00fchrs, Sebastian; Kostentransparenz in der Supply Chain; Gabler Verlag Wiesbaden (2010)<\/a><\/p>\n<p>Autor: M. Reed &#8211; 20110112<\/td>\n<\/tr>\n<\/tbody>\n<\/table>\n","protected":false},"excerpt":{"rendered":"<p>Purchasing (engl.) steht f\u00fcr \u201eEinkauf\u201c. Der Einkauf stellt eine sehr wichtige Schnittstelle zu den Lieferanten dar und wird h\u00e4ufig wegen verschiedener Ausrichtungen des Aufgabenspektrums in operativen und strategischen Einkauf unterteilt. Aus der historischen Entwicklung heraus werden mit Purchasing die operativen &hellip; <a href=\"https:\/\/www.beschaffungsstrategie.de\/?page_id=738\">Weiterlesen <span class=\"meta-nav\">&rarr;<\/span><\/a><\/p>\n","protected":false},"author":1,"featured_media":0,"parent":0,"menu_order":0,"comment_status":"closed","ping_status":"closed","template":"","meta":{"footnotes":""},"class_list":["post-738","page","type-page","status-publish","hentry"],"_links":{"self":[{"href":"https:\/\/www.beschaffungsstrategie.de\/index.php?rest_route=\/wp\/v2\/pages\/738","targetHints":{"allow":["GET"]}}],"collection":[{"href":"https:\/\/www.beschaffungsstrategie.de\/index.php?rest_route=\/wp\/v2\/pages"}],"about":[{"href":"https:\/\/www.beschaffungsstrategie.de\/index.php?rest_route=\/wp\/v2\/types\/page"}],"author":[{"embeddable":true,"href":"https:\/\/www.beschaffungsstrategie.de\/index.php?rest_route=\/wp\/v2\/users\/1"}],"replies":[{"embeddable":true,"href":"https:\/\/www.beschaffungsstrategie.de\/index.php?rest_route=%2Fwp%2Fv2%2Fcomments&post=738"}],"version-history":[{"count":5,"href":"https:\/\/www.beschaffungsstrategie.de\/index.php?rest_route=\/wp\/v2\/pages\/738\/revisions"}],"predecessor-version":[{"id":3950,"href":"https:\/\/www.beschaffungsstrategie.de\/index.php?rest_route=\/wp\/v2\/pages\/738\/revisions\/3950"}],"wp:attachment":[{"href":"https:\/\/www.beschaffungsstrategie.de\/index.php?rest_route=%2Fwp%2Fv2%2Fmedia&parent=738"}],"curies":[{"name":"wp","href":"https:\/\/api.w.org\/{rel}","templated":true}]}}