{"id":742,"date":"2013-06-27T14:55:57","date_gmt":"2013-06-27T12:55:57","guid":{"rendered":"http:\/\/www.materialgruppe.de\/?page_id=742"},"modified":"2019-06-17T21:52:35","modified_gmt":"2019-06-17T19:52:35","slug":"quotierungen","status":"publish","type":"page","link":"https:\/\/www.beschaffungsstrategie.de\/?page_id=742","title":{"rendered":"Quotierungen"},"content":{"rendered":"<p>Nach Festlegung einer bestimmten Anzahl an Vorzugslieferanten (Preferential Sourcing) verhindert die Verteilung von Beschaffungsmengen durch Quotenregeln, ein unbeabsichtigtes Ansteigen bzw. Absenken des Beschaffungsvolumens bei einzelnen Lieferanten. Besonders bei Bestellmengen\u00e4nderungen gegen\u00fcber kleineren Lieferanten k\u00f6nnen hohe Auswirkungen dadurch entstehen [Vgl. He\u00df; Supply-Strategie; S. 238].<\/p>\n<p><span style=\"color: rgb(255, 0, 0);\">15M-Architektur:<br \/>\n<\/span>Modul 7: Gestaltungsfelder analysieren und strategische Optionen identifizieren [He\u00df; Supply-Strategien; S. 238]<\/p>\n<p><span style=\"color: rgb(255, 0, 0);\">Quellen\/Literaturhinweise:<br \/>\n<\/span><a title=\"15M-Architektur\" href=\"http:\/\/www.beschaffungsstrategie.de\/?page_id=12\">He\u00df, Gerhard; Supply-Strategien in Einkauf und Beschaffung; 2. Auflage (2010); Gabler Verlag Wiesbaden<\/a><\/p>\n<p><span style=\"color: rgb(255, 0, 0);\">Verbundene Schlagworte:<br \/>\n<\/span>Bestellquote, Bestellvergabe, Dual Sourcing<\/p>\n<p><span style=\"color: rgb(255, 0, 0);\">Vertiefungen\/Studien:<\/span><\/p>\n<p><span style=\"color: rgb(255, 0, 0);\">Weiterf\u00fchrende Links:<br \/>\n<\/span><a href=\"http:\/\/books.google.de\/books?id=EjVLp8yCN_EC&amp;pg=PA371&amp;dq=quoten+lieferanten&amp;hl=de&amp;ei=BRQvTfLWJczysgbGy6juBw&amp;sa=X&amp;oi=book_result&amp;ct=result&amp;resnum=7&amp;ved=0CEQQ6AEwBg#v=onepage&amp;q=quoten%20lieferanten&amp;f=false\">Garcia, Franzisko; Die Automobilindustrie auf dem Weg zur globalen Netzwerkkompetenz; Springer Verlag Berlin (2007)<\/a><\/p>\n<p><a href=\"http:\/\/books.google.de\/books?id=VclfAUJccs0C&amp;printsec=frontcover&amp;dq=supply+strategien+in+einkauf+und+beschaffung&amp;hl=de&amp;ei=fylYTKOyNYz9sQbInLm8Cg&amp;sa=X&amp;oi=book_result&amp;ct=result&amp;resnum=1&amp;ved=0CDMQ6AEwAA#v=onepage&amp;q&amp;f=false\">He\u00df, Gerhard; Supply-Strategien in Einkauf und Beschaffung; 2. Auflage (2010); Gabler Verlag Wiesbaden<\/a><\/p>\n<p><a href=\"http:\/\/books.google.de\/books?id=pCobq_R3k28C&amp;pg=PA138&amp;dq=quoten+lieferanten&amp;hl=de&amp;ei=BRQvTfLWJczysgbGy6juBw&amp;sa=X&amp;oi=book_result&amp;ct=result&amp;resnum=9&amp;ved=0CE0Q6AEwCA#v=onepage&amp;q=Quotierung&amp;f=false\">Large, Rudolf; Strategisches Beschaffungsmanagement; 4. Auflage (2009); Gabler Verlag Wiesbaden<\/a><\/p>\n<p>&nbsp;<\/p>\n<p><span>Autor: M. Reed &#8211; 20110113&nbsp;&nbsp;<\/span><\/p>\n","protected":false},"excerpt":{"rendered":"<p>Nach Festlegung einer bestimmten Anzahl an Vorzugslieferanten (Preferential Sourcing) verhindert die Verteilung von Beschaffungsmengen durch Quotenregeln, ein unbeabsichtigtes Ansteigen bzw. Absenken des Beschaffungsvolumens bei einzelnen Lieferanten. Besonders bei Bestellmengen\u00e4nderungen gegen\u00fcber kleineren Lieferanten k\u00f6nnen hohe Auswirkungen dadurch entstehen [Vgl. He\u00df; Supply-Strategie; &hellip; <a href=\"https:\/\/www.beschaffungsstrategie.de\/?page_id=742\">Weiterlesen <span class=\"meta-nav\">&rarr;<\/span><\/a><\/p>\n","protected":false},"author":1,"featured_media":0,"parent":0,"menu_order":0,"comment_status":"closed","ping_status":"closed","template":"","meta":{"footnotes":""},"class_list":["post-742","page","type-page","status-publish","hentry"],"_links":{"self":[{"href":"https:\/\/www.beschaffungsstrategie.de\/index.php?rest_route=\/wp\/v2\/pages\/742","targetHints":{"allow":["GET"]}}],"collection":[{"href":"https:\/\/www.beschaffungsstrategie.de\/index.php?rest_route=\/wp\/v2\/pages"}],"about":[{"href":"https:\/\/www.beschaffungsstrategie.de\/index.php?rest_route=\/wp\/v2\/types\/page"}],"author":[{"embeddable":true,"href":"https:\/\/www.beschaffungsstrategie.de\/index.php?rest_route=\/wp\/v2\/users\/1"}],"replies":[{"embeddable":true,"href":"https:\/\/www.beschaffungsstrategie.de\/index.php?rest_route=%2Fwp%2Fv2%2Fcomments&post=742"}],"version-history":[{"count":5,"href":"https:\/\/www.beschaffungsstrategie.de\/index.php?rest_route=\/wp\/v2\/pages\/742\/revisions"}],"predecessor-version":[{"id":3596,"href":"https:\/\/www.beschaffungsstrategie.de\/index.php?rest_route=\/wp\/v2\/pages\/742\/revisions\/3596"}],"wp:attachment":[{"href":"https:\/\/www.beschaffungsstrategie.de\/index.php?rest_route=%2Fwp%2Fv2%2Fmedia&parent=742"}],"curies":[{"name":"wp","href":"https:\/\/api.w.org\/{rel}","templated":true}]}}