{"id":753,"date":"2013-06-27T15:02:24","date_gmt":"2013-06-27T13:02:24","guid":{"rendered":"http:\/\/www.materialgruppe.de\/?page_id=753"},"modified":"2019-06-17T21:58:25","modified_gmt":"2019-06-17T19:58:25","slug":"strategy-map","status":"publish","type":"page","link":"https:\/\/www.beschaffungsstrategie.de\/?page_id=753","title":{"rendered":"Strategy Map"},"content":{"rendered":"<table style=\"width: 727px;\" border=\"0\" cellspacing=\"0\" cellpadding=\"0\">\n<tbody>\n<tr align=\"LEFT\" valign=\"TOP\">\n<td><\/td>\n<td width=\"596\" colspan=\"4\">Mit der Strategy Map werden die strategischen Vorhaben im Supply-Management durch Ma\u00dfnahmen umgesetzt und durch Ursache-Wirkungsdiagramme verdeutlicht. Um die wichtigsten Perspektiven ber\u00fccksichtigen zu k\u00f6nnen, hat sich das Vier-Perspektiven-Modell der Balanced Scorecard von Norton\/Kaplan bew\u00e4hrt. Darauf basierend wird die Strategy Map fortentwickelt. Alle Ma\u00dfnahmen aus den Perspektiven Lernen\/Entwickeln (Mitarbeitersicht), Prozesse (Lieferanten), Kunden sowie Finanzen (finanzorientierte Kennzahlen) zielen auf einen strategischen Schwerpunkt ab, die strategische Sto\u00dfrichtung [Vgl. He\u00df; Supply-Strategien; S. 132 und Abb.]. Strategische Sto\u00dfrichtungen sind identit\u00e4tsstiftende, leicht zu merkende Slogans zur Umsetzung von Strategien im Supply-Management.<\/td>\n<td><\/td>\n<\/tr>\n<tr align=\"LEFT\" valign=\"TOP\">\n<td height=\"15\" colspan=\"6\"><\/td>\n<\/tr>\n<tr align=\"LEFT\" valign=\"TOP\">\n<td height=\"300\" colspan=\"3\"><\/td>\n<td width=\"579\"><a href=\"http:\/\/www.beschaffungsstrategie.de\/wp-content\/uploads\/2013\/06\/Strategy-Map.jpg\"><img loading=\"lazy\" decoding=\"async\" width=\"467\" height=\"365\" class=\"wp-image-2086 alignleft\" alt=\"Strategy Map\" src=\"http:\/\/www.beschaffungsstrategie.de\/wp-content\/uploads\/2013\/06\/Strategy-Map.jpg\" srcset=\"https:\/\/www.beschaffungsstrategie.de\/wp-content\/uploads\/2013\/06\/Strategy-Map.jpg 779w, https:\/\/www.beschaffungsstrategie.de\/wp-content\/uploads\/2013\/06\/Strategy-Map-300x234.jpg 300w, https:\/\/www.beschaffungsstrategie.de\/wp-content\/uploads\/2013\/06\/Strategy-Map-383x300.jpg 383w\" sizes=\"auto, (max-width: 467px) 100vw, 467px\" \/><\/a><\/td>\n<td colspan=\"2\"><\/td>\n<\/tr>\n<tr align=\"LEFT\" valign=\"TOP\">\n<td height=\"13\" colspan=\"6\"><\/td>\n<\/tr>\n<tr align=\"LEFT\" valign=\"TOP\">\n<td colspan=\"2\"><\/td>\n<td width=\"626\" colspan=\"4\">\n<p align=\"CENTER\"><i><span>Abb.: Strategy Map eines Unternehmens im Sonderfahrzeugbau &nbsp;[Quelle: He\u00df; Supply-Strategien; S. 266]<\/span><\/i><\/p>\n<p><span style=\"color: rgb(255, 0, 0);\">15M-Architektur:<br \/>\n<\/span>Modul 3: Strategische Sto\u00dfrichtungen und Strategy Map entwickeln [He\u00df; Supply-Strategien; S. 125]<\/p>\n<p><span style=\"color: rgb(255, 0, 0);\">Quellen\/Literaturhinweise:<br \/>\n<\/span><a title=\"15M-Architektur\" href=\"http:\/\/www.beschaffungsstrategie.de\/?page_id=12\">He\u00df, Gerhard; Supply-Strategien in Einkauf und Beschaffung; 2. Auflage (2010); Gabler Verlag Wiesbaden<\/a><\/p>\n<p><span style=\"color: rgb(255, 0, 0);\">Verbundene Schlagworte:<br \/>\n<\/span>Strategieumsetzung, Strategievisualisierung, Strategieschema, Strategiedimensionen, Balanced Scorecard, Supply-Balanced Scorecard<\/p>\n<p><span style=\"color: rgb(255, 0, 0);\">Vertiefungen\/Studien:<\/span><\/p>\n<p><span style=\"color: rgb(255, 0, 0);\">Weiterf\u00fchrende Links:<br \/>\n<\/span><a href=\"http:\/\/books.google.de\/books?id=VclfAUJccs0C&amp;printsec=frontcover&amp;dq=supply+strategien+in+einkauf+und+beschaffung&amp;hl=de&amp;ei=fylYTKOyNYz9sQbInLm8Cg&amp;sa=X&amp;oi=book_result&amp;ct=result&amp;resnum=1&amp;ved=0CDMQ6AEwAA#v=onepage&amp;q&amp;f=false\">He\u00df, Gerhard; Supply-Strategien in Einkauf und Beschaffung; 2. Auflage (2010); Gabler Verlag Wiesbaden<\/a><\/p>\n<p><a href=\"http:\/\/books.google.de\/books?id=-XKclqstbJUC&amp;pg=PA40&amp;dq=strategy+map&amp;hl=de&amp;ei=h0s0TeSzEMnCswbO9ZSlCg&amp;sa=X&amp;oi=book_result&amp;ct=result&amp;resnum=1&amp;ved=0CC0Q6AEwADgK#v=onepage&amp;q=strategy%20map&amp;f=false\">Hirzel, Matthias; Projektportfolio-Management; 2. Auflage (2009); Gabler Verlag Wiesbaden<\/a><\/p>\n<p><a href=\"http:\/\/books.google.de\/books?id=wjns6W6fEM0C&amp;pg=PA264&amp;dq=strategy+map&amp;hl=de&amp;ei=xkQ0TdXwEMLNswb_m-iUCg&amp;sa=X&amp;oi=book_result&amp;ct=result&amp;resnum=2&amp;ved=0CDMQ6AEwAQ#v=onepage&amp;q=strategy%20map&amp;f=false\">Schmelzer, Hermann; Gesch\u00e4ftsprozessmanagement in der Praxis; 6. Auflage (2008); Carl Hanser Verlag M\u00fcnchen (S. 264)<\/a><\/p>\n<p><a href=\"http:\/\/books.google.de\/books?id=sKK9RF6-QG0C&amp;pg=PA63&amp;dq=strategy+map&amp;hl=de&amp;ei=xkQ0TdXwEMLNswb_m-iUCg&amp;sa=X&amp;oi=book_result&amp;ct=result&amp;resnum=4&amp;ved=0CD4Q6AEwAw#v=onepage&amp;q=strategy%20map&amp;f=false\">Weimer, Gero; Service Reporting im Outsourcing-Controlling; Gabler Verlag Wiesbaden (2009)<\/a><\/p>\n<p>&nbsp;<\/p>\n<p><span>Autor: M. Reed &#8211; 20110117 &nbsp;<\/span><\/td>\n<\/tr>\n<\/tbody>\n<\/table>\n","protected":false},"excerpt":{"rendered":"<p>Mit der Strategy Map werden die strategischen Vorhaben im Supply-Management durch Ma\u00dfnahmen umgesetzt und durch Ursache-Wirkungsdiagramme verdeutlicht. Um die wichtigsten Perspektiven ber\u00fccksichtigen zu k\u00f6nnen, hat sich das Vier-Perspektiven-Modell der Balanced Scorecard von Norton\/Kaplan bew\u00e4hrt. Darauf basierend wird die Strategy Map &hellip; <a href=\"https:\/\/www.beschaffungsstrategie.de\/?page_id=753\">Weiterlesen <span class=\"meta-nav\">&rarr;<\/span><\/a><\/p>\n","protected":false},"author":1,"featured_media":0,"parent":0,"menu_order":0,"comment_status":"closed","ping_status":"closed","template":"","meta":{"footnotes":""},"class_list":["post-753","page","type-page","status-publish","hentry"],"_links":{"self":[{"href":"https:\/\/www.beschaffungsstrategie.de\/index.php?rest_route=\/wp\/v2\/pages\/753","targetHints":{"allow":["GET"]}}],"collection":[{"href":"https:\/\/www.beschaffungsstrategie.de\/index.php?rest_route=\/wp\/v2\/pages"}],"about":[{"href":"https:\/\/www.beschaffungsstrategie.de\/index.php?rest_route=\/wp\/v2\/types\/page"}],"author":[{"embeddable":true,"href":"https:\/\/www.beschaffungsstrategie.de\/index.php?rest_route=\/wp\/v2\/users\/1"}],"replies":[{"embeddable":true,"href":"https:\/\/www.beschaffungsstrategie.de\/index.php?rest_route=%2Fwp%2Fv2%2Fcomments&post=753"}],"version-history":[{"count":3,"href":"https:\/\/www.beschaffungsstrategie.de\/index.php?rest_route=\/wp\/v2\/pages\/753\/revisions"}],"predecessor-version":[{"id":3600,"href":"https:\/\/www.beschaffungsstrategie.de\/index.php?rest_route=\/wp\/v2\/pages\/753\/revisions\/3600"}],"wp:attachment":[{"href":"https:\/\/www.beschaffungsstrategie.de\/index.php?rest_route=%2Fwp%2Fv2%2Fmedia&parent=753"}],"curies":[{"name":"wp","href":"https:\/\/api.w.org\/{rel}","templated":true}]}}