{"id":757,"date":"2013-06-27T15:03:55","date_gmt":"2013-06-27T13:03:55","guid":{"rendered":"http:\/\/www.materialgruppe.de\/?page_id=757"},"modified":"2019-06-17T22:04:49","modified_gmt":"2019-06-17T20:04:49","slug":"supplier-managed-inventory","status":"publish","type":"page","link":"https:\/\/www.beschaffungsstrategie.de\/?page_id=757","title":{"rendered":"Supplier Managed Inventory"},"content":{"rendered":"<table style=\"width: 690px;\" border=\"0\" cellspacing=\"0\" cellpadding=\"0\">\n<tbody>\n<tr align=\"LEFT\" valign=\"TOP\">\n<td><\/td>\n<td width=\"588\">Beim Supplier Managed Inventory (Vendor Managed Inventory oder auch lieferantengesteuerte Bestandsf\u00fchrung) sorgt der Lieferant f\u00fcr eine Bestandsf\u00fchrung und Disposition auf dem Gel\u00e4nde des Kunden. Diese Form der Kooperation f\u00fchrt zu den Vorteilen einer besseren Bestandsf\u00fchrung bei gesteigerter Bestandssicherheit, da der Lieferant fr\u00fchzeitig \u00fcber Bedarfsprognosen des Kunden verf\u00fcgt und unmittelbar reagieren kann. Ferner ergeben sich vereinfachte Prozessabl\u00e4ufe ohne Einzelbestellungen und -rechnungen.Vorteile durch das Supplier Managed Inventory:<\/p>\n<ul>\n<li>Bestandsreduzierungen durch Entfall von doppelten Sicherheitsbest\u00e4nden<\/li>\n<li>Vereinfachte Prozesse durch standardisierte Bestellvorg\u00e4nge und \u2013abwicklungen<\/li>\n<li>Dauerhafte Gesch\u00e4ftsbeziehungen und hohes Bestellvolumen wirken sich g\u00fcnstig f\u00fcr den Lieferanten aus<\/li>\n<li>Entfall der Disposition durch Kunden<\/li>\n<li>H\u00f6here Planungssicherheit in der Produktionsplanung beim Lieferanten\/Hersteller<\/li>\n<li>Reduzierung der Frachtkosten bei Optimierung der Losgr\u00f6\u00dfen und Lieferintervalle<\/li>\n<li>Reduzierung des Bullwhip-Effektes und von Fehlteilen bei permanenter \u00dcberwachung der Best\u00e4nde [Vgl. Syska; Produktionsmanagement; S. 166]<\/li>\n<\/ul>\n<p>Nachteile zur Realisierung von Supplier Managed Inventory:<\/p>\n<ul>\n<li>Mittel- bis langfristige Partnerschaft zwischen Gesch\u00e4ftspartnern notwendig<\/li>\n<li>Aufwand zur Anpassung von IT-Ausstattung\/Schnittstellenkompatibilit\u00e4t<\/li>\n<li>Eingeschr\u00e4nkte Wettbewerbssituation bei hohen Umstellungskosten durch sp\u00e4teren Lieferantenwechsel<\/li>\n<\/ul>\n<p><span style=\"color: rgb(255, 0, 0);\">15M-Architektur:<br \/>\n<\/span>Modul 7: Gestaltungsfelder analysieren und strategische Optionen Identifizieren [He\u00df; Supply-Strategien; S. 260]<\/p>\n<p><span style=\"color: rgb(255, 0, 0);\">Quellen\/Literaturhinweise:<br \/>\n<\/span><a title=\"15M-Architektur\" href=\"http:\/\/www.beschaffungsstrategie.de\/?page_id=12\">He\u00df, Gerhard; Supply-Strategien in Einkauf und Beschaffung; 2. Auflage (2010); Gabler Verlag Wiesbaden <\/a><br \/>\nSyska, Andreas; Produktionsmanagement; Gabler Verlag Wiesbaden (2006)<\/p>\n<p><span style=\"color: rgb(255, 0, 0);\">Verbundene Schlagworte:<br \/>\n<\/span>SMI, VMI, Vendor Managed Inventory, lieferantengesteuerter Bestand, Continuous Replenishment Program<\/p>\n<p><span style=\"color: rgb(255, 0, 0);\">Vertiefungen\/Studien:<br \/>\n<\/span><a href=\"http:\/\/www.prozeus.de\/prozeus\/daten\/broschueren\/vmi\/index.htm\">Leitfaden und Erfahrungsbericht der PROZEUS , GS1 Germany, Institut der deutschen Wirtschaft K\u00f6ln Consult GmbH<\/a><\/p>\n<p><span style=\"color: rgb(255, 0, 0);\">Weiterf\u00fchrende Links:<br \/>\n<\/span><a href=\"http:\/\/books.google.de\/books?id=VclfAUJccs0C&amp;printsec=frontcover&amp;dq=supply+strategien+in+einkauf+und+beschaffung&amp;hl=de&amp;ei=fylYTKOyNYz9sQbInLm8Cg&amp;sa=X&amp;oi=book_result&amp;ct=result&amp;resnum=1&amp;ved=0CDMQ6AEwAA#v=onepage&amp;q&amp;f=false\">He\u00df, Gerhard; Supply-Strategien in Einkauf und Beschaffung; 2. Auflage (2010); Gabler Verlag Wiesbaden<\/a><\/p>\n<p><a href=\"http:\/\/www.springerlink.com\/content\/x81511530573rk40\/fulltext.pdf\">Syska, Andreas; Produktionsmanagement; Gabler Verlag Wiesbaden (2006)<\/a><\/p>\n<p><a href=\"http:\/\/www.supplyon.com\/vendor-managed-inventory.html\">SupplyOn mit Vendor Managed Inventory \u2013 Softwarel\u00f6sung<\/a><\/p>\n<p>&nbsp;<\/p>\n<p><span>Autor: M. Reed &#8211; 20101126<\/span><\/td>\n<\/tr>\n<\/tbody>\n<\/table>\n","protected":false},"excerpt":{"rendered":"<p>Beim Supplier Managed Inventory (Vendor Managed Inventory oder auch lieferantengesteuerte Bestandsf\u00fchrung) sorgt der Lieferant f\u00fcr eine Bestandsf\u00fchrung und Disposition auf dem Gel\u00e4nde des Kunden. Diese Form der Kooperation f\u00fchrt zu den Vorteilen einer besseren Bestandsf\u00fchrung bei gesteigerter Bestandssicherheit, da der &hellip; <a href=\"https:\/\/www.beschaffungsstrategie.de\/?page_id=757\">Weiterlesen <span class=\"meta-nav\">&rarr;<\/span><\/a><\/p>\n","protected":false},"author":1,"featured_media":0,"parent":0,"menu_order":0,"comment_status":"closed","ping_status":"closed","template":"","meta":{"footnotes":""},"class_list":["post-757","page","type-page","status-publish","hentry"],"_links":{"self":[{"href":"https:\/\/www.beschaffungsstrategie.de\/index.php?rest_route=\/wp\/v2\/pages\/757","targetHints":{"allow":["GET"]}}],"collection":[{"href":"https:\/\/www.beschaffungsstrategie.de\/index.php?rest_route=\/wp\/v2\/pages"}],"about":[{"href":"https:\/\/www.beschaffungsstrategie.de\/index.php?rest_route=\/wp\/v2\/types\/page"}],"author":[{"embeddable":true,"href":"https:\/\/www.beschaffungsstrategie.de\/index.php?rest_route=\/wp\/v2\/users\/1"}],"replies":[{"embeddable":true,"href":"https:\/\/www.beschaffungsstrategie.de\/index.php?rest_route=%2Fwp%2Fv2%2Fcomments&post=757"}],"version-history":[{"count":3,"href":"https:\/\/www.beschaffungsstrategie.de\/index.php?rest_route=\/wp\/v2\/pages\/757\/revisions"}],"predecessor-version":[{"id":3602,"href":"https:\/\/www.beschaffungsstrategie.de\/index.php?rest_route=\/wp\/v2\/pages\/757\/revisions\/3602"}],"wp:attachment":[{"href":"https:\/\/www.beschaffungsstrategie.de\/index.php?rest_route=%2Fwp%2Fv2%2Fmedia&parent=757"}],"curies":[{"name":"wp","href":"https:\/\/api.w.org\/{rel}","templated":true}]}}