{"id":759,"date":"2013-06-27T15:04:35","date_gmt":"2013-06-27T13:04:35","guid":{"rendered":"http:\/\/www.materialgruppe.de\/?page_id=759"},"modified":"2019-06-17T22:06:20","modified_gmt":"2019-06-17T20:06:20","slug":"srm","status":"publish","type":"page","link":"https:\/\/www.beschaffungsstrategie.de\/?page_id=759","title":{"rendered":"SRM"},"content":{"rendered":"<table style=\"width: 783px;\" border=\"0\" cellspacing=\"0\" cellpadding=\"0\">\n<tbody>\n<tr align=\"LEFT\" valign=\"TOP\">\n<td colspan=\"2\"><\/td>\n<td width=\"491\"><b>Supplier Relationship Management<\/b><b>Strategisches Supplier Relationship Management <\/b><\/td>\n<td colspan=\"2\"><\/td>\n<\/tr>\n<tr align=\"LEFT\" valign=\"TOP\">\n<td height=\"33\" colspan=\"5\"><\/td>\n<\/tr>\n<tr align=\"LEFT\" valign=\"TOP\">\n<td><\/td>\n<td width=\"682\" colspan=\"4\">\u201cStrategie\u201d und \u201cSupplier Relationship Management\u201d sind heute gerne und vielschichtig verwendete, schillernde und beratungsaffine Begriffe, die folgend kurz erl\u00e4utert werden sollen.<b>Supplier Relationship Management<\/b><\/p>\n<p>Die Bezeichnung \u201cSupplier Relationship Management\u201d signalisiert, dass die Gestaltung und Steuerung der Beziehung eines Unternehmens mit seinen Lieferanten im Zentrum des Ansatzes stehen. Dabei sollen alle relevanten Abteilungen (z. B. Einkauf, Logistik, Qualit\u00e4t, Entwicklung) und &#8211; falls m\u00f6glich &#8211; die Lieferanten selbst explizit beteiligt werden. Die abteilungs- und unternehmens\u00fcbergreifende Gestaltung und Steuerung der Supply Chain soll zu Kosten-, Leistungs- und Finanzierungsvorteilen f\u00fchren. Bei n\u00e4herer Betrachtung lassen sich mindestens drei Sichtweisen unterscheiden:<span><sup>9<\/sup><\/span><\/p>\n<p><b>(1) SRM analog Customer Relationship Management<\/b><\/p>\n<p>Bei der ersten Sichtweise steht der Beziehungsaspekt der Lieferantenbeziehung im Mittelpunkt. Ganz bewusst wird das Wort \u201cSupplier Relationship Management\u201d analog zum \u201cCustomer Relationship Management\u201d konstruiert, das als Vorl\u00e4ufer gesehen wird und als Vorbild dienen soll. Die sorgf\u00e4ltige Pflege sowie die gezielte Gestaltung und Steuerung der Lieferantenbeziehung sind die zentralen Gestaltungsaufgaben. Supplier Relationship Management ist in dieser Sicht nahezu identisch mit dem Begriff Lieferantenmanagement. Im Mittelpunkt stehen gleicherma\u00dfen Verhaltensaspekte, wie die Frage nach Partnerschaft oder machtbasiertem Umgang mit Lieferanten, sowie die Prozesse zur Steuerung der Lieferantenbeziehung, insbesondere die Kommunikation mit den Lieferanten, Lieferantenfreigabe, Lieferantenbewertung, Lieferantenklassifizierung und (zumindest dem Anspruch nach) Lieferantenentwicklung. Dv-Aspekte werden als technisch nachgeordnet betrachtet und bestenfalls als Implementierungsproblem am Rande angesprochen.<\/p>\n<p><b>(2) IT-technisch gepr\u00e4gtes SRM<\/b><\/p>\n<p>Dieses Verst\u00e4ndnis wurde seit Ende der 90er Jahre von L\u00f6sungsanbietern der IT-Branche gepr\u00e4gt, die im SRM ein neues lukratives Gesch\u00e4ftsfeld identifizierten. Unter der \u00dcberschrift SRM werden insbesondere die internetbasierten Beschaffungsl\u00f6sungen zusammengefasst. Dazu z\u00e4hlen beispielsweise die dv-technische Anbindung von Lieferanten per EDI, um unterschiedliche Prozesse in der Zusammenarbeit mit den Lieferanten zu automatisieren (z. B. Bestellabwicklung, Collaboration), elektronische Kataloge, elektronische Marktpl\u00e4tze, Ausschreibungen und Auktionen. Insgesamt sind diese L\u00f6sungen weitgehend operativ ausgerichtet. Die Hinwendung zu den eher strategischen SRM-Prozessen fand erst in der n\u00e4chsten Stufe statt, der dritten Sichtweise.<\/p>\n<p><b>(3) SRM im Sinne des integrierten Beschaffungsmanagement<\/b><\/p>\n<p>Die dritte Sichtweise verfolgt eine umfassende und systematisch integrierte Gestaltung und Steuerung der gesamten Lieferantenbeziehung. Sie umfasst damit die ersten beiden Sichten:<\/p>\n<ul>\n<li>Die Ans\u00e4tze werden um die strategischen SRM-Prozesse, wie beispielsweise das Warengruppenmanagement erweitert. Letztlich wird unterstellt, dass die Lieferantenbeziehung von der \u00fcbergreifenden Supply-Strategie sowie von der Warengruppenstrategie vorgesteuert wird. Allerdings muss einschr\u00e4nkend angemerkt werden, dass die explizite Ausrichtung des gesamten SRM an der Supply-Strategie zwar gefordert wird, jedoch in der Praxis eher noch vision\u00e4r einzusch\u00e4tzen ist.<\/li>\n<li>In diesem Rahmen erhalten das Einkaufscontrolling und die Spend-Analyse einen neuen Stellenwert. Eine systematisch integrierte Gestaltung und Steuerung der Lieferantenbeziehung verlangt auch eine systematische Ausrichtung an den Zielen und ein umfassendes Procurement Performance Management.<\/li>\n<li>Mittlerweile werden unter dem Begriff SRM h\u00e4ufig auch herk\u00f6mmliche ERP- bzw. Data-Warehouse-Systeme verstanden, wenn sie \u00fcber Workflow- und Internetkomponenten verf\u00fcgen. F\u00fcr die heute angebotenen Softwarel\u00f6sungen steht zumeist die unternehmens\u00fcbergreifende Integration und die Ganzheitlichkeit des Ansatzes im Vordergrund.<\/li>\n<\/ul>\n<p>Insgesamt ergibt sich somit ein sehr weites und umfassendes Verst\u00e4ndnis von SRM, das dieser Studie zugrunde liegt:<\/p>\n<p><b>SRM wird als umfassende strategieorientierte, cross-funktionale und unternehmens\u00fcbergreifende Gestaltung und Steuerung der Prozesse an der Lieferantenschnittstelle verstanden<\/b>. Dabei werden die oben bereits vorgestellten strategischen Erfolgsfaktoren gleicherma\u00dfen ber\u00fccksichtigt: (1) strategische und operative Prozesse sowie Methoden, (2) Mitarbeiterqualifikation und (3) internetbasierte IT-L\u00f6sungen. Ein derart weites Verst\u00e4ndnis von SRM kann damit <b>mit internetbasiertem Supply Management <\/b>gleichgesetzt werden.<\/p>\n<p><span><sup>9<\/sup>Die folgenden Ausf\u00fchrungen orientieren sich an Appelfeller, Buchholz (2005), insbesondere S. 3ff., He\u00df (2008), S. 19 ff., Hildebrand, Koppelmann (2002),<\/span><\/p>\n<p><span style=\"color: rgb(255, 0, 0);\">15M-Architektur<\/span><span style=\"color: rgb(255, 0, 0);\"><sup>\u00ae<\/sup><\/span><span style=\"color: rgb(255, 0, 0);\">:<br \/>\n<\/span>neues Kapitel (2. Auflage) Teil 1, Kapitel 5.3 [He\u00df; Supply-Strategie; S. 63 ff; 2. Auflage]<\/p>\n<p><span style=\"color: rgb(255, 0, 0);\">Quellen\/Literaturhinweise:<br \/>\n<\/span>Appelfeller, W.; Buchholz, W.; Supplier Relationship Management; (2005); Wiesbaden S. 3 ff.<br \/>\n<a title=\"15M-Architektur\" href=\"http:\/\/www.beschaffungsstrategie.de\/?page_id=12\">He\u00df, Gerhard; Supply-Strategien in Einkauf und Beschaffung; 2. Auflage (2010); Gabler Verlag Wiesbaden <\/a><br \/>\nHildebrand, H.; Koppelmann, U.; Beziehungsmanagement mit Lieferanten; Stuttgart 2002.<\/p>\n<p><span style=\"color: rgb(255, 0, 0);\">Verbundene Schlagworte:<\/span><\/p>\n<p><span style=\"color: rgb(255, 0, 0);\">Vertiefungen\/Studien:<br \/>\n<\/span>He\u00df, Gerhard; Ettinger, Alfons; Wesp, Rudolf; <a title=\"Literatur zur 15M-Architektur\" href=\"http:\/\/www.beschaffungsstrategie.de\/?page_id=1674\">Strategisches Supplier Relationship Management mit System; 2010<\/a><\/p>\n<p align=\"LEFT\">In der vorliegenden Studie werden zun\u00e4chst die Kernprozesse im strategischen Einkauf auf Potenziale einer Softwareunterst\u00fctzung hinterfragt. Hierzu wird von der 15M-Architektur der Supply-Strategie<span><sup>\u00ae<\/sup><\/span>, einem Konzept zur nachhaltigen Entwicklung des strategischen Einkaufs, ausgegangen. F\u00fcr die einzelnen Prozesse werden Best-Practice-L\u00f6sungen der SRM-Softwareanbieter (SRM = Supplier Relationship Management) vorgestellt. Basis sind sieben teils ganzt\u00e4gige Interviews mit Vertretern der Firmen Allocation Network, Hubwoo, Onventis, Selected Services, SoftconCis, SupplyOn und Xcitec. Dar\u00fcber hinaus werden realistische Visionen einer m\u00f6glichen Softwareunterst\u00fctzung entwickelt. Im zweiten Teil der Studie werden die SRM-L\u00f6sungen der befragten Unternehmen vorgestellt und hinterfragt, inwieweit sie die Prozesse eines strategischen Einkaufs unterst\u00fctzen.<\/p>\n<p align=\"LEFT\"><span style=\"color: rgb(255, 0, 0);\"><sup>Weiterf\u00fchrende Links:<\/sup><\/span><\/p>\n<p>&nbsp;<\/p>\n<p><span><sup>Autor: G. He\u00df &#8211; 20100127<\/sup><\/span><\/td>\n<\/tr>\n<\/tbody>\n<\/table>\n","protected":false},"excerpt":{"rendered":"<p>Supplier Relationship ManagementStrategisches Supplier Relationship Management \u201cStrategie\u201d und \u201cSupplier Relationship Management\u201d sind heute gerne und vielschichtig verwendete, schillernde und beratungsaffine Begriffe, die folgend kurz erl\u00e4utert werden sollen.Supplier Relationship Management Die Bezeichnung \u201cSupplier Relationship Management\u201d signalisiert, dass die Gestaltung und Steuerung &hellip; <a href=\"https:\/\/www.beschaffungsstrategie.de\/?page_id=759\">Weiterlesen <span class=\"meta-nav\">&rarr;<\/span><\/a><\/p>\n","protected":false},"author":1,"featured_media":0,"parent":0,"menu_order":0,"comment_status":"closed","ping_status":"closed","template":"","meta":{"footnotes":""},"class_list":["post-759","page","type-page","status-publish","hentry"],"_links":{"self":[{"href":"https:\/\/www.beschaffungsstrategie.de\/index.php?rest_route=\/wp\/v2\/pages\/759","targetHints":{"allow":["GET"]}}],"collection":[{"href":"https:\/\/www.beschaffungsstrategie.de\/index.php?rest_route=\/wp\/v2\/pages"}],"about":[{"href":"https:\/\/www.beschaffungsstrategie.de\/index.php?rest_route=\/wp\/v2\/types\/page"}],"author":[{"embeddable":true,"href":"https:\/\/www.beschaffungsstrategie.de\/index.php?rest_route=\/wp\/v2\/users\/1"}],"replies":[{"embeddable":true,"href":"https:\/\/www.beschaffungsstrategie.de\/index.php?rest_route=%2Fwp%2Fv2%2Fcomments&post=759"}],"version-history":[{"count":3,"href":"https:\/\/www.beschaffungsstrategie.de\/index.php?rest_route=\/wp\/v2\/pages\/759\/revisions"}],"predecessor-version":[{"id":3603,"href":"https:\/\/www.beschaffungsstrategie.de\/index.php?rest_route=\/wp\/v2\/pages\/759\/revisions\/3603"}],"wp:attachment":[{"href":"https:\/\/www.beschaffungsstrategie.de\/index.php?rest_route=%2Fwp%2Fv2%2Fmedia&parent=759"}],"curies":[{"name":"wp","href":"https:\/\/api.w.org\/{rel}","templated":true}]}}