{"id":771,"date":"2013-06-27T15:09:15","date_gmt":"2013-06-27T13:09:15","guid":{"rendered":"http:\/\/www.materialgruppe.de\/?page_id=771"},"modified":"2019-06-17T22:10:59","modified_gmt":"2019-06-17T20:10:59","slug":"supply-marktziele","status":"publish","type":"page","link":"https:\/\/www.beschaffungsstrategie.de\/?page_id=771","title":{"rendered":"Supply-Marktziele"},"content":{"rendered":"<table style=\"width: 690px;\" border=\"0\" cellspacing=\"0\" cellpadding=\"0\">\n<tbody>\n<tr align=\"LEFT\" valign=\"TOP\">\n<td><\/td>\n<td width=\"589\">Supply-Marktziele sichern die messbaren Vorteile f\u00fcr ein Unternehmen aus der Supply-Strategie. Aus den inhaltlichen Abstimmungen und Verkn\u00fcpfungen von Supply-Marktstrategie und Supply-Rahmenstrategie lassen sich Ziele finden mit eindeutigen Kriterien bez\u00fcglich:<\/p>\n<ul>\n<li>Realisierbarkeit<\/li>\n<li>Messbarkeit<\/li>\n<li>Begr\u00fcndung\/Nachvollziehbarkeit<\/li>\n<li>Terminierung<\/li>\n<li>Wirksamkeit<\/li>\n<li>Personelle Verantwortung<\/li>\n<\/ul>\n<p>Im Supply-Marktsteckbrief sind die Supply-Marktziele dokumentiert.<\/p>\n<p><span style=\"color: rgb(255, 0, 0);\">15M-Architektur:<br \/>\n<\/span>Modul 6: Supply-Marktziele formulieren [He\u00df; Supply-Strategien; S. 179]<\/p>\n<p><span style=\"color: rgb(255, 0, 0);\">Quellen\/Literaturhinweise:<br \/>\n<\/span><a title=\"15M-Architektur\" href=\"http:\/\/www.beschaffungsstrategie.de\/?page_id=12\">He\u00df, Gerhard; Supply-Strategien in Einkauf und Beschaffung; 2. Auflage (2010); Gabler Verlag Wiesbaden<\/a><\/p>\n<p><span style=\"color: rgb(255, 0, 0);\">Verbundene Schlagworte:<br \/>\n<\/span>Zielsystem, Beschaffungsziele, Einkaufscontrolling<\/p>\n<p><span style=\"color: rgb(255, 0, 0);\">Vertiefungen\/Studien:<\/span><\/p>\n<p><span style=\"color: rgb(255, 0, 0);\">Weiterf\u00fchrende Links:<br \/>\n<\/span><a href=\"http:\/\/books.google.de\/books?id=VclfAUJccs0C&amp;printsec=frontcover&amp;dq=supply+strategien+in+einkauf+und+beschaffung&amp;hl=de&amp;ei=fylYTKOyNYz9sQbInLm8Cg&amp;sa=X&amp;oi=book_result&amp;ct=result&amp;resnum=1&amp;ved=0CDMQ6AEwAA#v=onepage&amp;q&amp;f=false\">He\u00df, Gerhard; Supply-Strategien in Einkauf und Beschaffung; 2. Auflage (2010); Gabler Verlag Wiesbaden<\/a><\/p>\n<p>&nbsp;<\/p>\n<p><span>Autor: M. Reed &#8211; 20110207 &nbsp;<\/span><\/td>\n<\/tr>\n<\/tbody>\n<\/table>\n","protected":false},"excerpt":{"rendered":"<p>Supply-Marktziele sichern die messbaren Vorteile f\u00fcr ein Unternehmen aus der Supply-Strategie. Aus den inhaltlichen Abstimmungen und Verkn\u00fcpfungen von Supply-Marktstrategie und Supply-Rahmenstrategie lassen sich Ziele finden mit eindeutigen Kriterien bez\u00fcglich: Realisierbarkeit Messbarkeit Begr\u00fcndung\/Nachvollziehbarkeit Terminierung Wirksamkeit Personelle Verantwortung Im Supply-Marktsteckbrief sind die &hellip; <a href=\"https:\/\/www.beschaffungsstrategie.de\/?page_id=771\">Weiterlesen <span class=\"meta-nav\">&rarr;<\/span><\/a><\/p>\n","protected":false},"author":1,"featured_media":0,"parent":0,"menu_order":0,"comment_status":"closed","ping_status":"closed","template":"","meta":{"footnotes":""},"class_list":["post-771","page","type-page","status-publish","hentry"],"_links":{"self":[{"href":"https:\/\/www.beschaffungsstrategie.de\/index.php?rest_route=\/wp\/v2\/pages\/771","targetHints":{"allow":["GET"]}}],"collection":[{"href":"https:\/\/www.beschaffungsstrategie.de\/index.php?rest_route=\/wp\/v2\/pages"}],"about":[{"href":"https:\/\/www.beschaffungsstrategie.de\/index.php?rest_route=\/wp\/v2\/types\/page"}],"author":[{"embeddable":true,"href":"https:\/\/www.beschaffungsstrategie.de\/index.php?rest_route=\/wp\/v2\/users\/1"}],"replies":[{"embeddable":true,"href":"https:\/\/www.beschaffungsstrategie.de\/index.php?rest_route=%2Fwp%2Fv2%2Fcomments&post=771"}],"version-history":[{"count":4,"href":"https:\/\/www.beschaffungsstrategie.de\/index.php?rest_route=\/wp\/v2\/pages\/771\/revisions"}],"predecessor-version":[{"id":3608,"href":"https:\/\/www.beschaffungsstrategie.de\/index.php?rest_route=\/wp\/v2\/pages\/771\/revisions\/3608"}],"wp:attachment":[{"href":"https:\/\/www.beschaffungsstrategie.de\/index.php?rest_route=%2Fwp%2Fv2%2Fmedia&parent=771"}],"curies":[{"name":"wp","href":"https:\/\/api.w.org\/{rel}","templated":true}]}}