{"id":775,"date":"2013-06-27T15:11:03","date_gmt":"2013-06-27T13:11:03","guid":{"rendered":"http:\/\/www.materialgruppe.de\/?page_id=775"},"modified":"2019-06-17T22:13:19","modified_gmt":"2019-06-17T20:13:19","slug":"supply-rahmenstrategie","status":"publish","type":"page","link":"https:\/\/www.beschaffungsstrategie.de\/?page_id=775","title":{"rendered":"Supply Rahmenstrategie"},"content":{"rendered":"<table style=\"width: 691px;\" border=\"0\" cellspacing=\"0\" cellpadding=\"0\">\n<tbody>\n<tr align=\"LEFT\" valign=\"TOP\">\n<td><\/td>\n<td width=\"589\" colspan=\"3\">Mit der Supply-Rahmenstrategie (=Strategiebaustein 1 bzw. SB1; siehe Abb.) werden grundlegende Vorgaben der Supply-Strategie festgelegt. F\u00fcr die Planung und den F\u00fchrungsanspruch enth\u00e4lt der Direktionsteil entsprechende Vorgehensweisen. Teil Koordination setzt die SOLL-Vorgaben um und stellt regelm\u00e4\u00dfige SOLL-IST-Vergleiche bereit.\u201e<b>Teil Direktion<\/b>: In der Supply-Rahmenstrategie wird eine einheitliche Ausrichtung der Supply-Strategie entwickelt. Hierzu werden die Werte, Strategien und Ziele des Unternehmens nach den Konsequenzen f\u00fcr die Supply-Strategie hinterfragt. Innerhalb dieses Rahmens k\u00f6nnen dann einheitliche Zielvorgaben und strategische Grundorientierungen (= strategische Sto\u00dfrichtungen) f\u00fcr die Versorgung des Unternehmens abgeleitet werden. Hiermit ergibt sich ein Handlungsrahmen innerhalb dessen sich die Supply-Marktstrategien und die Lieferantenstrategien bewegen k\u00f6nnen. Dar\u00fcber hinaus m\u00fcssen die Supply-M\u00e4rkte strukturiert und priorisiert werden. Insbesondere ist auch die Wertsch\u00f6pfungstiefe zu bestimmen, auf der zugekauft werden soll. Sollen beispielsweise ganze Sitze oder einzelne Sitzkomponenten oder sogar einzelne Rohre, Stoffe, Polsterungen gekauft werden. Je nachdem, wie diese Entscheidung ausf\u00e4llt, bewegt sich das Unternehmen auf v\u00f6llig unterschiedlichen M\u00e4rkten.<\/p>\n<p><b>Teil Koordination<\/b>: Die einzelnen Supply-Marktstrategien und Lieferantenstrategien sind zu synchronisieren. Beispielsweise kann es in einem Mittelbetrieb sinnvoll sein, im Rahmen des Global Sourcing Schwerpunktl\u00e4nder zu definieren, um dort Einkaufsb\u00fcros vor Ort einzurichten. Der Aufbau eines fl\u00e4chendeckenden Netzes von Einkaufsb\u00fcros w\u00fcrde einen Mittelbetrieb meist \u00fcberfordern. Die Festlegung solcher Schwerpunktl\u00e4nder muss &#8211; unter Ber\u00fccksichtigung der Chancen und Risiken der verschiedenen Supply-M\u00e4rkte &#8211; allerdings f\u00fcr das Unternehmen insgesamt erfolgen. Dar\u00fcber hinaus bezieht sich die Koordination auch auf die Fortentwicklung des Supply-Managementsystems. Dieses tr\u00e4gt wesentlich zur Generierung und zur Sicherung von Erfolgspotenzialen bei, so dass die Entwicklung des Supply-Managementsystems Gegenstand der Supply-Rahmenstrategie ist.\u201c [He\u00df; Supply-Strategie; S.41]<\/td>\n<td><\/td>\n<\/tr>\n<tr align=\"LEFT\" valign=\"TOP\">\n<td height=\"14\" colspan=\"5\"><\/td>\n<\/tr>\n<tr align=\"LEFT\" valign=\"TOP\">\n<td height=\"324\" colspan=\"2\"><\/td>\n<td width=\"580\" colspan=\"3\"><a href=\"http:\/\/www.beschaffungsstrategie.de\/wp-content\/uploads\/2013\/06\/Supply-Rahmenstrategie.jpg\"><img loading=\"lazy\" decoding=\"async\" width=\"568\" height=\"338\" class=\" wp-image-2110 alignleft\" alt=\"Supply-Rahmenstrategie\" src=\"http:\/\/www.beschaffungsstrategie.de\/wp-content\/uploads\/2013\/06\/Supply-Rahmenstrategie.jpg\" srcset=\"https:\/\/www.beschaffungsstrategie.de\/wp-content\/uploads\/2013\/06\/Supply-Rahmenstrategie.jpg 946w, https:\/\/www.beschaffungsstrategie.de\/wp-content\/uploads\/2013\/06\/Supply-Rahmenstrategie-300x178.jpg 300w, https:\/\/www.beschaffungsstrategie.de\/wp-content\/uploads\/2013\/06\/Supply-Rahmenstrategie-500x297.jpg 500w\" sizes=\"auto, (max-width: 568px) 100vw, 568px\" \/><\/a><\/td>\n<\/tr>\n<tr align=\"LEFT\" valign=\"TOP\">\n<td height=\"20\" colspan=\"5\"><\/td>\n<\/tr>\n<tr align=\"LEFT\" valign=\"TOP\">\n<td colspan=\"3\"><\/td>\n<td width=\"575\">\n<p align=\"CENTER\"><i><span>Abb.: 15M-Architektur mit SB1 (links); Verkn\u00fcpfungen der Strategiebausteine (Mitte, rechts)<\/span><\/i><\/p>\n<p><span style=\"color: rgb(255, 0, 0);\">15M-Architektur:<br \/>\n<\/span>Direktion: Module 1-4; Koordination: Module 12-13 [He\u00df; Supply-Strategien; S.87]<\/p>\n<p><span style=\"color: rgb(255, 0, 0);\">Quellen\/Literaturhinweise:<br \/>\n<\/span><a title=\"15M-Architektur\" href=\"http:\/\/www.beschaffungsstrategie.de\/?page_id=12\">He\u00df, Gerhard; Supply-Strategien in Einkauf und Beschaffung; 2. Auflage (2010); Gabler Verlag Wiesbaden<\/a><\/p>\n<p><span style=\"color: rgb(255, 0, 0);\">Verbundene Schlagworte:<br \/>\n<\/span>Framework strategy, strategischer Einkauf, Einkaufsstrategie<\/p>\n<p><span style=\"color: rgb(255, 0, 0);\">Vertiefungen\/Studien:<\/span><\/p>\n<p><span style=\"color: rgb(255, 0, 0);\">Weiterf\u00fchrende Links:<br \/>\n<\/span><a href=\"http:\/\/books.google.de\/books?id=VclfAUJccs0C&amp;printsec=frontcover&amp;dq=supply+strategien+in+einkauf+und+beschaffung&amp;hl=de&amp;ei=fylYTKOyNYz9sQbInLm8Cg&amp;sa=X&amp;oi=book_result&amp;ct=result&amp;resnum=1&amp;ved=0CDMQ6AEwAA#v=onepage&amp;q&amp;f=false\">He\u00df, Gerhard; Supply-Strategien in Einkauf und Beschaffung; 2. Auflage (2010); Gabler Verlag Wiesbaden<\/a><\/p>\n<p>&nbsp;<\/p>\n<p><span>Autor: M. Reed &#8211; 20110209 <\/span><\/td>\n<\/tr>\n<\/tbody>\n<\/table>\n","protected":false},"excerpt":{"rendered":"<p>Mit der Supply-Rahmenstrategie (=Strategiebaustein 1 bzw. SB1; siehe Abb.) werden grundlegende Vorgaben der Supply-Strategie festgelegt. F\u00fcr die Planung und den F\u00fchrungsanspruch enth\u00e4lt der Direktionsteil entsprechende Vorgehensweisen. Teil Koordination setzt die SOLL-Vorgaben um und stellt regelm\u00e4\u00dfige SOLL-IST-Vergleiche bereit.\u201eTeil Direktion: In der &hellip; <a href=\"https:\/\/www.beschaffungsstrategie.de\/?page_id=775\">Weiterlesen <span class=\"meta-nav\">&rarr;<\/span><\/a><\/p>\n","protected":false},"author":1,"featured_media":0,"parent":0,"menu_order":0,"comment_status":"closed","ping_status":"closed","template":"","meta":{"footnotes":""},"class_list":["post-775","page","type-page","status-publish","hentry"],"_links":{"self":[{"href":"https:\/\/www.beschaffungsstrategie.de\/index.php?rest_route=\/wp\/v2\/pages\/775","targetHints":{"allow":["GET"]}}],"collection":[{"href":"https:\/\/www.beschaffungsstrategie.de\/index.php?rest_route=\/wp\/v2\/pages"}],"about":[{"href":"https:\/\/www.beschaffungsstrategie.de\/index.php?rest_route=\/wp\/v2\/types\/page"}],"author":[{"embeddable":true,"href":"https:\/\/www.beschaffungsstrategie.de\/index.php?rest_route=\/wp\/v2\/users\/1"}],"replies":[{"embeddable":true,"href":"https:\/\/www.beschaffungsstrategie.de\/index.php?rest_route=%2Fwp%2Fv2%2Fcomments&post=775"}],"version-history":[{"count":3,"href":"https:\/\/www.beschaffungsstrategie.de\/index.php?rest_route=\/wp\/v2\/pages\/775\/revisions"}],"predecessor-version":[{"id":3610,"href":"https:\/\/www.beschaffungsstrategie.de\/index.php?rest_route=\/wp\/v2\/pages\/775\/revisions\/3610"}],"wp:attachment":[{"href":"https:\/\/www.beschaffungsstrategie.de\/index.php?rest_route=%2Fwp%2Fv2%2Fmedia&parent=775"}],"curies":[{"name":"wp","href":"https:\/\/api.w.org\/{rel}","templated":true}]}}