{"id":777,"date":"2013-06-27T15:11:44","date_gmt":"2013-06-27T13:11:44","guid":{"rendered":"http:\/\/www.materialgruppe.de\/?page_id=777"},"modified":"2019-06-17T22:14:15","modified_gmt":"2019-06-17T20:14:15","slug":"supply-strategie","status":"publish","type":"page","link":"https:\/\/www.beschaffungsstrategie.de\/?page_id=777","title":{"rendered":"Supply-Strategie"},"content":{"rendered":"<table style=\"width: 690px;\" border=\"0\" cellspacing=\"0\" cellpadding=\"0\">\n<tbody>\n<tr align=\"LEFT\" valign=\"TOP\">\n<td><\/td>\n<td width=\"583\">\u201eDie Supply-Strategie zielt auf die Schaffung und Sicherung von Erfolgspotenzialen in der Versorgung des Unternehmens mit G\u00fctern und Leistungen. Die Supply-Strategie umfasst dabei die wesentlichen langfristig angelegten Vorgehensweisen (Sachziele) zur Verbesserung der Kostenposition und der Differenzierung des Unternehmens und zur Entwicklung von Kernkompetenzen. Es geht also darum, heute die Voraussetzungen einer \u00fcberlegenen Position in den Beschaffungsm\u00e4rkten zu schaffen bzw. zu erhalten, damit das Unternehmen in zwei bis f\u00fcnf Jahren \u00fcber Wettbewerbsvorteile sowohl in seinen angestammten (Absatz-)M\u00e4rkten wie auch in neuen (Absatz-)M\u00e4rkten verf\u00fcgt. In diesem Rahmen gilt es auch, sich richtig und rechtzeitig auf neue Beschaffungsm\u00e4rkte vorzubereiten, sich aus obsoleten Beschaffungsm\u00e4rkten zur\u00fcckzuziehen und Synergien zwischen strategischen Gesch\u00e4ftsfeldern zu realisieren.\u201c [He\u00df; Supply-Strategien; S.32]<\/p>\n<p><span style=\"color: rgb(255, 0, 0);\">15M-Architektur:<br \/>\n<\/span>Begriff der Supply-Strategie: [He\u00df; Supply-Strategien; S. 32]<\/p>\n<p><span style=\"color: rgb(255, 0, 0);\">Quellen\/Literaturhinweise:<br \/>\n<\/span><a title=\"15M-Architektur\" href=\"http:\/\/www.beschaffungsstrategie.de\/?page_id=12\">He\u00df, Gerhard; Supply-Strategien in Einkauf und Beschaffung; 2. Auflage (2010); Gabler Verlag Wiesbaden<\/a><\/p>\n<p><span style=\"color: rgb(255, 0, 0);\">Verbundene Schlagworte:<br \/>\n<\/span>Beschaffungsstrategie, Einkaufsstrategie, Sourcing-Strategie, Procurement<\/p>\n<p><span style=\"color: rgb(255, 0, 0);\">Vertiefungen\/Studien:<\/span><\/p>\n<p><span style=\"color: rgb(255, 0, 0);\">Weiterf\u00fchrende Links:<br \/>\n<\/span><a href=\"http:\/\/books.google.de\/books?id=VclfAUJccs0C&amp;printsec=frontcover&amp;dq=supply+strategien+in+einkauf+und+beschaffung&amp;hl=de&amp;ei=fylYTKOyNYz9sQbInLm8Cg&amp;sa=X&amp;oi=book_result&amp;ct=result&amp;resnum=1&amp;ved=0CDMQ6AEwAA#v=onepage&amp;q&amp;f=false\">He\u00df, Gerhard; Supply-Strategien in Einkauf und Beschaffung; 2. Auflage (2010); Gabler Verlag Wiesbaden<\/a><\/p>\n<p>&nbsp;<\/p>\n<p><span>Autor: M. Reed &#8211; 20110214 &nbsp;<\/span><\/td>\n<\/tr>\n<\/tbody>\n<\/table>\n","protected":false},"excerpt":{"rendered":"<p>\u201eDie Supply-Strategie zielt auf die Schaffung und Sicherung von Erfolgspotenzialen in der Versorgung des Unternehmens mit G\u00fctern und Leistungen. Die Supply-Strategie umfasst dabei die wesentlichen langfristig angelegten Vorgehensweisen (Sachziele) zur Verbesserung der Kostenposition und der Differenzierung des Unternehmens und zur &hellip; <a href=\"https:\/\/www.beschaffungsstrategie.de\/?page_id=777\">Weiterlesen <span class=\"meta-nav\">&rarr;<\/span><\/a><\/p>\n","protected":false},"author":1,"featured_media":0,"parent":0,"menu_order":0,"comment_status":"closed","ping_status":"closed","template":"","meta":{"footnotes":""},"class_list":["post-777","page","type-page","status-publish","hentry"],"_links":{"self":[{"href":"https:\/\/www.beschaffungsstrategie.de\/index.php?rest_route=\/wp\/v2\/pages\/777","targetHints":{"allow":["GET"]}}],"collection":[{"href":"https:\/\/www.beschaffungsstrategie.de\/index.php?rest_route=\/wp\/v2\/pages"}],"about":[{"href":"https:\/\/www.beschaffungsstrategie.de\/index.php?rest_route=\/wp\/v2\/types\/page"}],"author":[{"embeddable":true,"href":"https:\/\/www.beschaffungsstrategie.de\/index.php?rest_route=\/wp\/v2\/users\/1"}],"replies":[{"embeddable":true,"href":"https:\/\/www.beschaffungsstrategie.de\/index.php?rest_route=%2Fwp%2Fv2%2Fcomments&post=777"}],"version-history":[{"count":5,"href":"https:\/\/www.beschaffungsstrategie.de\/index.php?rest_route=\/wp\/v2\/pages\/777\/revisions"}],"predecessor-version":[{"id":3611,"href":"https:\/\/www.beschaffungsstrategie.de\/index.php?rest_route=\/wp\/v2\/pages\/777\/revisions\/3611"}],"wp:attachment":[{"href":"https:\/\/www.beschaffungsstrategie.de\/index.php?rest_route=%2Fwp%2Fv2%2Fmedia&parent=777"}],"curies":[{"name":"wp","href":"https:\/\/api.w.org\/{rel}","templated":true}]}}