{"id":779,"date":"2013-06-27T15:12:28","date_gmt":"2013-06-27T13:12:28","guid":{"rendered":"http:\/\/www.materialgruppe.de\/?page_id=779"},"modified":"2019-06-17T22:14:52","modified_gmt":"2019-06-17T20:14:52","slug":"supply-strategie-controlling","status":"publish","type":"page","link":"https:\/\/www.beschaffungsstrategie.de\/?page_id=779","title":{"rendered":"Supply-Strategie-Controlling"},"content":{"rendered":"<table style=\"width: 690px;\" border=\"0\" cellspacing=\"0\" cellpadding=\"0\">\n<tbody>\n<tr align=\"LEFT\" valign=\"TOP\">\n<td><\/td>\n<td width=\"596\">Eine konzeptionelle Supply-Strategie muss regelm\u00e4\u00dfig wiederkehrende SOLL-IST-Datenvergleiche im Sinne eines Regelkreisverst\u00e4ndnisses durchf\u00fchren. Mit dem Supply-Strategie-Controlling k\u00f6nnen Ma\u00dfnahmen und Projekte der ersten drei Strategiebausteine \u2013 Rahmenstrategie, Marktstrategie und Lieferantenstrategie \u2013 gesteuert und bestehende Supply-Strategien weiterentwickelt werden. Der Aufbau eines Supply-Strategie-Systems, inkl. Supply-Strategie-Controlling auf Basis einer Supply-Balanced-Scorecard, kann u. U. mehrere Jahre in Anspruch nehmen, um die Managementkapazit\u00e4ten und die Projektf\u00e4higkeiten der Mitarbeiter nicht zu \u00fcberfordern [Vgl. He\u00df; Supply-Strategien; S.379].<\/p>\n<p><span style=\"color: rgb(255, 0, 0);\">15M-Architektur:<br \/>\n<\/span>Strategiebaustein 4; Module 14 und 15: Supply-Strategie-Controlling [He\u00df; Supply-Strategien; S. 361]<\/p>\n<p><span style=\"color: rgb(255, 0, 0);\">Quellen\/Literaturhinweise:<br \/>\n<\/span><a title=\"15M-Architektur\" href=\"http:\/\/www.beschaffungsstrategie.de\/?page_id=12\">He\u00df, Gerhard; Supply-Strategien in Einkauf und Beschaffung; 2. Auflage (2010); Gabler Verlag Wiesbaden<\/a><\/p>\n<p><span style=\"color: rgb(255, 0, 0);\">Verbundene Schlagworte:<br \/>\n<\/span>Einkaufscontrolling, Beschaffungscontrolling, Supplier Relationship Management<\/p>\n<p><span style=\"color: rgb(255, 0, 0);\">Vertiefungen\/Studien:<\/span><\/p>\n<p><span style=\"color: rgb(255, 0, 0);\">Weiterf\u00fchrende Links:<br \/>\n<\/span><a href=\"http:\/\/books.google.de\/books?id=VclfAUJccs0C&amp;printsec=frontcover&amp;dq=supply+strategien+in+einkauf+und+beschaffung&amp;hl=de&amp;ei=fylYTKOyNYz9sQbInLm8Cg&amp;sa=X&amp;oi=book_result&amp;ct=result&amp;resnum=1&amp;ved=0CDMQ6AEwAA#v=onepage&amp;q&amp;f=false\">He\u00df, Gerhard; Supply-Strategien in Einkauf und Beschaffung; 2. Auflage (2010); Gabler Verlag Wiesbaden<\/a><\/p>\n<p>&nbsp;<\/p>\n<p><span>Autor: M. Reed &#8211; 20110211 &nbsp;<\/span><\/td>\n<\/tr>\n<\/tbody>\n<\/table>\n","protected":false},"excerpt":{"rendered":"<p>Eine konzeptionelle Supply-Strategie muss regelm\u00e4\u00dfig wiederkehrende SOLL-IST-Datenvergleiche im Sinne eines Regelkreisverst\u00e4ndnisses durchf\u00fchren. Mit dem Supply-Strategie-Controlling k\u00f6nnen Ma\u00dfnahmen und Projekte der ersten drei Strategiebausteine \u2013 Rahmenstrategie, Marktstrategie und Lieferantenstrategie \u2013 gesteuert und bestehende Supply-Strategien weiterentwickelt werden. Der Aufbau eines Supply-Strategie-Systems, inkl. &hellip; <a href=\"https:\/\/www.beschaffungsstrategie.de\/?page_id=779\">Weiterlesen <span class=\"meta-nav\">&rarr;<\/span><\/a><\/p>\n","protected":false},"author":1,"featured_media":0,"parent":0,"menu_order":0,"comment_status":"closed","ping_status":"closed","template":"","meta":{"footnotes":""},"class_list":["post-779","page","type-page","status-publish","hentry"],"_links":{"self":[{"href":"https:\/\/www.beschaffungsstrategie.de\/index.php?rest_route=\/wp\/v2\/pages\/779","targetHints":{"allow":["GET"]}}],"collection":[{"href":"https:\/\/www.beschaffungsstrategie.de\/index.php?rest_route=\/wp\/v2\/pages"}],"about":[{"href":"https:\/\/www.beschaffungsstrategie.de\/index.php?rest_route=\/wp\/v2\/types\/page"}],"author":[{"embeddable":true,"href":"https:\/\/www.beschaffungsstrategie.de\/index.php?rest_route=\/wp\/v2\/users\/1"}],"replies":[{"embeddable":true,"href":"https:\/\/www.beschaffungsstrategie.de\/index.php?rest_route=%2Fwp%2Fv2%2Fcomments&post=779"}],"version-history":[{"count":5,"href":"https:\/\/www.beschaffungsstrategie.de\/index.php?rest_route=\/wp\/v2\/pages\/779\/revisions"}],"predecessor-version":[{"id":3612,"href":"https:\/\/www.beschaffungsstrategie.de\/index.php?rest_route=\/wp\/v2\/pages\/779\/revisions\/3612"}],"wp:attachment":[{"href":"https:\/\/www.beschaffungsstrategie.de\/index.php?rest_route=%2Fwp%2Fv2%2Fmedia&parent=779"}],"curies":[{"name":"wp","href":"https:\/\/api.w.org\/{rel}","templated":true}]}}