{"id":783,"date":"2013-06-27T15:14:13","date_gmt":"2013-06-27T13:14:13","guid":{"rendered":"http:\/\/www.materialgruppe.de\/?page_id=783"},"modified":"2019-06-17T22:18:02","modified_gmt":"2019-06-17T20:18:02","slug":"termintreue","status":"publish","type":"page","link":"https:\/\/www.beschaffungsstrategie.de\/?page_id=783","title":{"rendered":"Termintreue"},"content":{"rendered":"<table style=\"width: 690px;\" border=\"0\" cellspacing=\"0\" cellpadding=\"0\">\n<tbody>\n<tr align=\"LEFT\" valign=\"TOP\">\n<td height=\"22\" colspan=\"2\"><\/td>\n<\/tr>\n<tr align=\"LEFT\" valign=\"TOP\">\n<td><\/td>\n<td width=\"586\">Zur Bewertung von Lieferanten hat sich die Unterteilung in vier Hauptkategorien (Einkauf, Qualit\u00e4t, Logistik, Technologie) bew\u00e4hrt. Mit der Messung der Termintreue hat sich eine Kennzahl etabliert (Anteil p\u00fcnktlicher Lieferungen im Verh\u00e4ltnis zu allen Lieferungen), mit der sich die Qualit\u00e4t der Prozesse und des Managements zur Beschaffung sowie der Materialversorgung ermitteln l\u00e4sst [He\u00df; Supply-Strategie; S. 291]. Das Erfassen von p\u00fcnktlichen Lieferungen l\u00e4sst sich durch eine festgelegte Termintoleranz um den vereinbarten Liefertermin ableiten. Zu sp\u00e4te sowie verfr\u00fchte Auslieferungen k\u00f6nnen einfach zugeordnet werden [Nyhuis; Kennlinien; S. 127].Die Ermittlung einer IST-Termintreue eines Auftrags mehrerer Positionen bei unterschiedlichen Lieferanten, kann aus der Multiplikation der Termintreue aller Teillieferprozesse ermittelt werden. Starke Schwankungen bei der Termintreue einzelner Teillieferprozesse wirken sich unmittelbar auf die Gesamttermintreue aus [Seeck; Erfolgsfaktor Logistik; S. 4].<\/p>\n<p>Beispiel:<\/p>\n<p>Mit Kunden vereinbarte Liefertermintreue von 97,5% (PLAN-Lieferzeit). Termintreue Lieferant 1 = 97,5 % Termintreue Lieferant 2 = 98 % Termintreue Lieferant 3 = 97,6% Termintreue Gesamtauftrag = 93,3 % (0,975*0,98*0,976=0,933) Jede Einzellieferung h\u00e4tte den Anspr\u00fcchen des Kunden entsprochen. Statistisch gesehen kann der Gesamtauftrag jedoch nur eine Liefertermintreue von 93,3% erreichen.<\/p>\n<p><span style=\"color: rgb(255, 0, 0);\">15M-Architektur:<br \/>\n<\/span>Modul 9: Lieferanten bewerten und klassifizieren [He\u00df; Supply-Strategien; S. 291]<\/p>\n<p><span style=\"color: rgb(255, 0, 0);\">Quellen\/Literaturhinweise:<br \/>\n<\/span><a title=\"15M-Architektur\" href=\"http:\/\/www.beschaffungsstrategie.de\/?page_id=12\">He\u00df, Gerhard; Supply-Strategien in Einkauf und Beschaffung; 2. Auflage (2010); Gabler Verlag Wiesbaden <\/a><br \/>\nNyhuis, Peter; Logistische Kennlinien; 2. Auflage (2003); Springer Verlag Berlin Seeck, Stephan; Erfolgsfaktor Logistik; Springer Verlag Berlin (2010)<\/p>\n<p><span style=\"color: rgb(255, 0, 0);\">Verbundene Schlagworte:<br \/>\n<\/span>Terminverhalten, Termineinhaltung, Terminvereinbarung, Kundenwunschtermin, Planzeit, Ist-Zeit<\/p>\n<p><span style=\"color: rgb(255, 0, 0);\">Vertiefungen\/Studien:<\/span><\/p>\n<p><span style=\"color: rgb(255, 0, 0);\">Weiterf\u00fchrende Links:<br \/>\n<\/span><a href=\"http:\/\/books.google.de\/books?id=pW0CdfHnjocC&amp;pg=PA11&amp;lpg=PA11&amp;dq=termintreue&amp;source=bl&amp;ots=7sW0fvzwiJ&amp;sig=qAPa1LBtSV-zqyw4eTC6b9HDUnA&amp;hl=de&amp;ei=Tnz2TIGFH874sgaLqJW4BA&amp;sa=X&amp;oi=book_result&amp;ct=result&amp;resnum=9&amp;ved=0CDMQ6AEwCDha#v=onepage&amp;q=termintreue&amp;f=false\">Bretzke; Wolf-R\u00fcdiger; Logistische Netzwerke; 2. Auflage (2010); Springer Verlag Berlin<\/a><\/p>\n<p><a href=\"http:\/\/books.google.de\/books?id=dswYjVTNpj0C&amp;pg=PA225&amp;lpg=PA225&amp;dq=termintreue&amp;source=bl&amp;ots=BE6VbYboEW&amp;sig=mADffhGh-nmyXzGIKNNTfsVehvI&amp;hl=de&amp;ei=Tnz2TIGFH874sgaLqJW4BA&amp;sa=X&amp;oi=book_result&amp;ct=result&amp;resnum=6&amp;ved=0CCoQ6AEwBTha#v=onepage&amp;q=termintreue&amp;f=fals\">Gadatsch, Andreas; Grundkurs Gesch\u00e4ftsprozessmanagement; 6. Auflage (2010); Viewg+Teubner Verlag Wiesbaden<\/a><\/p>\n<p><a href=\"http:\/\/www.springerlink.com\/content\/k5n1w07026pxh456\/\">Gudehus, Timm; Dynamische Disposition; 2. Auflage (2006); Springer Verlag Berlin<\/a><\/p>\n<p><a href=\"http:\/\/books.google.de\/books?id=VclfAUJccs0C&amp;printsec=frontcover&amp;dq=supply+strategien+in+einkauf+und+beschaffung&amp;hl=de&amp;ei=fylYTKOyNYz9sQbInLm8Cg&amp;sa=X&amp;oi=book_result&amp;ct=result&amp;resnum=1&amp;ved=0CDMQ6AEwAA#v=onepage&amp;q&amp;f=false\">He\u00df, Gerhard; Supply-Strategien in Einkauf und Beschaffung; 2. Auflage (2010); Gabler Verlag Wiesbaden<\/a><\/p>\n<p><a href=\"http:\/\/books.google.de\/books?id=WMre2etiITgC&amp;printsec=frontcover&amp;dq=erfolgsfaktor+logistik&amp;source=bl&amp;ots=BeveKzZEwR&amp;sig=WhTeMQcqTMF3s5vJrgJAgG-qTug&amp;hl=de&amp;ei=OXX_TIePHMGy8gOMx4mNCw&amp;sa=X&amp;oi=book_result&amp;ct=result&amp;resnum=5&amp;ved=0CCsQ6AEwBA#v=onepage&amp;q&amp;f=false\">M\u00fcssigmann, Nikolaus; Strategische Liefernetze; Deutscher Universit\u00e4ts-Verlag Wiesbaden (2007)<\/a><\/p>\n<p><a href=\"http:\/\/books.google.de\/books?id=rOl1NGV2L68C&amp;pg=PA127&amp;lpg=PA127&amp;dq=termintreue&amp;source=bl&amp;ots=EKwshRnfst&amp;sig=lzysOQGuK90RyV4Y1kRRZBOKvsU&amp;hl=de&amp;ei=2Hv2TOWkNYKTswbF2azkBA&amp;sa=X&amp;oi=book_result&amp;ct=result&amp;resnum=4&amp;ved=0CCIQ6AEwAzhG#v=onepage&amp;q=termintreue&amp;f=fals\">Nyhuis, Peter; Logistische Kennlinien; 2. Auflage (2003); Springer Verlag Berlin<\/a><\/p>\n<p><a href=\"http:\/\/books.google.de\/books?id=WMre2etiITgC&amp;printsec=frontcover&amp;dq=erfolgsfaktor+logistik&amp;source=bl&amp;ots=BeveKzZEwR&amp;sig=WhTeMQcqTMF3s5vJrgJAgG-qTug&amp;hl=de&amp;ei=OXX_TIePHMGy8gOMx4mNCw&amp;sa=X&amp;oi=book_result&amp;ct=result&amp;resnum=5&amp;ved=0CCsQ6AEwBA#v=onepage&amp;q&amp;f=false\">Seeck, Stephan; Erfolgsfaktor Logistik; Springer Verlag Berlin (2010)<\/a><\/p>\n<p>&nbsp;<\/p>\n<p><span>Autor: M. Reed &#8211; 20101202<\/span><\/td>\n<\/tr>\n<\/tbody>\n<\/table>\n","protected":false},"excerpt":{"rendered":"<p>Zur Bewertung von Lieferanten hat sich die Unterteilung in vier Hauptkategorien (Einkauf, Qualit\u00e4t, Logistik, Technologie) bew\u00e4hrt. Mit der Messung der Termintreue hat sich eine Kennzahl etabliert (Anteil p\u00fcnktlicher Lieferungen im Verh\u00e4ltnis zu allen Lieferungen), mit der sich die Qualit\u00e4t der &hellip; <a href=\"https:\/\/www.beschaffungsstrategie.de\/?page_id=783\">Weiterlesen <span class=\"meta-nav\">&rarr;<\/span><\/a><\/p>\n","protected":false},"author":1,"featured_media":0,"parent":0,"menu_order":0,"comment_status":"closed","ping_status":"closed","template":"","meta":{"footnotes":""},"class_list":["post-783","page","type-page","status-publish","hentry"],"_links":{"self":[{"href":"https:\/\/www.beschaffungsstrategie.de\/index.php?rest_route=\/wp\/v2\/pages\/783","targetHints":{"allow":["GET"]}}],"collection":[{"href":"https:\/\/www.beschaffungsstrategie.de\/index.php?rest_route=\/wp\/v2\/pages"}],"about":[{"href":"https:\/\/www.beschaffungsstrategie.de\/index.php?rest_route=\/wp\/v2\/types\/page"}],"author":[{"embeddable":true,"href":"https:\/\/www.beschaffungsstrategie.de\/index.php?rest_route=\/wp\/v2\/users\/1"}],"replies":[{"embeddable":true,"href":"https:\/\/www.beschaffungsstrategie.de\/index.php?rest_route=%2Fwp%2Fv2%2Fcomments&post=783"}],"version-history":[{"count":3,"href":"https:\/\/www.beschaffungsstrategie.de\/index.php?rest_route=\/wp\/v2\/pages\/783\/revisions"}],"predecessor-version":[{"id":3614,"href":"https:\/\/www.beschaffungsstrategie.de\/index.php?rest_route=\/wp\/v2\/pages\/783\/revisions\/3614"}],"wp:attachment":[{"href":"https:\/\/www.beschaffungsstrategie.de\/index.php?rest_route=%2Fwp%2Fv2%2Fmedia&parent=783"}],"curies":[{"name":"wp","href":"https:\/\/api.w.org\/{rel}","templated":true}]}}