{"id":791,"date":"2013-06-27T15:17:31","date_gmt":"2013-06-27T13:17:31","guid":{"rendered":"http:\/\/www.materialgruppe.de\/?page_id=791"},"modified":"2019-06-17T22:23:16","modified_gmt":"2019-06-17T20:23:16","slug":"web-edi","status":"publish","type":"page","link":"https:\/\/www.beschaffungsstrategie.de\/?page_id=791","title":{"rendered":"Web-EDI"},"content":{"rendered":"<table style=\"width: 690px;\" border=\"0\" cellspacing=\"0\" cellpadding=\"0\">\n<tbody>\n<tr align=\"LEFT\" valign=\"TOP\">\n<td><\/td>\n<td width=\"596\">EDI steht f\u00fcr Electronic Data Interchange (elektronischer Datenaustausch) und ben\u00f6tigt f\u00fcr den Datentransfer zwischen Lieferanten, Herstellern und dem Handel (B2B-Kommunikation ohne Endverbraucher) ein einheitliches bzw. kompatibles Datenformat und entsprechende Schnittstellen. Im Sprachgebrauch hat sich neben dem klassischen EDI (Datenaustausch in privaten Netzen), dass bereits in den 70ern des 20. Jahrhunderts seine ersten Gehversuche zu verzeichnen hatte, Internet-EDI (Formular im Anhang eines E-Mailsystems) und Web-EDI entwickelt [Vgl. Laudon; Wirtschaftsinformatik; S. 498].Web-EDI wird \u00fcber einen Dienstleister zur Verf\u00fcgung gestellt. Ben\u00f6tigt werden lediglich ein internetf\u00e4higer PC und der Zugang ins Internet. Formulare mit Eingabefeldern werden durch den Dienstleister bereitgestellt, sodass Stammdaten, Bestell- und Rechnungsdaten, Bestandsdaten und Avise unter der M\u00f6glichkeit einer direkten Weiterverarbeitung ohne Systembr\u00fcche \u00fcbermittelt werden k\u00f6nnen.Vorteile durch Web-EDI: Reduzierung der Prozesskosten (Beispiel Automobilbranche: Kosten je Bestellvorgang von 8,-\u20ac auf 1,-\u20ac [Vgl. Werner; Supply Chain Management; S. 255]). Geringere Investitionskosten im Vergleich zu klassischem EDI. Zeitersparnis und h\u00f6here Qualit\u00e4t der Informationen z.B. Bedarfsprognosen, kleinere Bestellmengen, mit der Folge zur Reduzierung des Bullwhip-Effektes.<\/p>\n<p>Die Grundlagen f\u00fcr den elektronischen Gesch\u00e4ftsverkehr sind in der internationalen Norm ISO 9735 geregelt [Vgl. Klein; DIN-Normen; S.63].<\/p>\n<p><span style=\"color: rgb(255, 0, 0);\">15M-Architektur:<br \/>\n<\/span>Modul 7: Gestaltungsfelder analysieren und strategische Optionen identifizieren [He\u00df; Supply-Strategien; S. 257]<\/p>\n<p><span style=\"color: rgb(255, 0, 0);\">Quellen\/Literaturhinweise:<br \/>\n<\/span><a title=\"15M-Architektur\" href=\"http:\/\/www.beschaffungsstrategie.de\/?page_id=12\">He\u00df, Gerhard; Supply-Strategien in Einkauf und Beschaffung; 2. Auflage (2010); Gabler Verlag Wiesbaden<\/a><br \/>\nKlein, Martin; Einf\u00fchrung in die DIN-Normen; 13. Auflage (2001); Teubner Verlag Stuttgart Laudon, Kenneth; Wirtschaftsinformatik: Eine Einf\u00fchrung; 2. Auflage (2010); Pearson Verlag M\u00fcnchen<br \/>\n<a href=\"http:\/\/books.google.de\/books?id=s9syR-iMzpQC&amp;pg=PA255&amp;dq=internet+web+edi&amp;hl=de&amp;ei=iiQGTd7gOYXtOdqz4aYB&amp;sa=X&amp;oi=book_result&amp;ct=result&amp;resnum=4&amp;ved=0CEQQ6AEwAw#v=onepage&amp;q=internet%20web%20edi&amp;f=false\">Werner, Hartmut; Supply Chain Management; 4. Auflage (2010); Gabler Verlag Wiesbaden<\/a><\/p>\n<p><span style=\"color: rgb(255, 0, 0);\">Verbundene Schlagworte:<br \/>\n<\/span>Prozessoptimierung, Prozesskosten senken, Bestellkosten senken, IuK-Technologie, Informationsaustausch, B2B<\/p>\n<p><span style=\"color: rgb(255, 0, 0);\">Vertiefungen\/Studien:<br \/>\n<\/span><a href=\"http:\/\/www.supplyon.com\/webedi_edi.html\">Web-EDI via supplyon<\/a><\/p>\n<p><span style=\"color: rgb(255, 0, 0);\">Weiterf\u00fchrende Links:<br \/>\n<\/span><a href=\"http:\/\/books.google.de\/books?id=VclfAUJccs0C&amp;printsec=frontcover&amp;dq=supply+strategien+in+einkauf+und+beschaffung&amp;hl=de&amp;ei=fylYTKOyNYz9sQbInLm8Cg&amp;sa=X&amp;oi=book_result&amp;ct=result&amp;resnum=1&amp;ved=0CDMQ6AEwAA#v=onepage&amp;q&amp;f=false\">He\u00df, Gerhard; Supply-Strategien in Einkauf und Beschaffung; 2. Auflage (2010); Gabler Verlag Wiesbaden<\/a><\/p>\n<p><a href=\"http:\/\/books.google.de\/books?id=r3irIpteJZIC&amp;pg=PA64&amp;dq=edi&amp;lr=&amp;cd=14#v=onepage&amp;q=edi&amp;f=false\">Klein, Martin; Einf\u00fchrung in die DIN-Normen; 13. Auflage (2001); Teubner Verlag Stuttgart<\/a><\/p>\n<p><a href=\"http:\/\/books.google.de\/books?id=Ow-f6F0rbesC&amp;pg=PA501&amp;dq=internet+web+edi&amp;hl=de&amp;ei=iiQGTd7gOYXtOdqz4aYB&amp;sa=X&amp;oi=book_result&amp;ct=result&amp;resnum=3&amp;ved=0CD0Q6AEwAg#v=onepage&amp;q=internet%20web%20edi&amp;f=false\">Laudon, Kenneth; Wirtschaftsinformatik: Eine Einf\u00fchrung; 2. Auflage (2010); Pearson Verlag M\u00fcnchen<\/a><\/p>\n<p><a href=\"http:\/\/books.google.de\/books?id=S-PbcrxJlcIC&amp;printsec=frontcover&amp;dq=edi&amp;cd=6#v=onepage&amp;q&amp;f=false\">M\u00f6ller, Christian; XML-Einsatzm\u00f6glichkeiten in EDI; GRIN Verlag Norderstedt (2010)<\/a><\/p>\n<p>&nbsp;<\/p>\n<p><span>Autor: M. Reed &#8211; 20101214<\/span><\/td>\n<\/tr>\n<\/tbody>\n<\/table>\n","protected":false},"excerpt":{"rendered":"<p>EDI steht f\u00fcr Electronic Data Interchange (elektronischer Datenaustausch) und ben\u00f6tigt f\u00fcr den Datentransfer zwischen Lieferanten, Herstellern und dem Handel (B2B-Kommunikation ohne Endverbraucher) ein einheitliches bzw. kompatibles Datenformat und entsprechende Schnittstellen. Im Sprachgebrauch hat sich neben dem klassischen EDI (Datenaustausch in &hellip; <a href=\"https:\/\/www.beschaffungsstrategie.de\/?page_id=791\">Weiterlesen <span class=\"meta-nav\">&rarr;<\/span><\/a><\/p>\n","protected":false},"author":1,"featured_media":0,"parent":0,"menu_order":0,"comment_status":"closed","ping_status":"closed","template":"","meta":{"footnotes":""},"class_list":["post-791","page","type-page","status-publish","hentry"],"_links":{"self":[{"href":"https:\/\/www.beschaffungsstrategie.de\/index.php?rest_route=\/wp\/v2\/pages\/791","targetHints":{"allow":["GET"]}}],"collection":[{"href":"https:\/\/www.beschaffungsstrategie.de\/index.php?rest_route=\/wp\/v2\/pages"}],"about":[{"href":"https:\/\/www.beschaffungsstrategie.de\/index.php?rest_route=\/wp\/v2\/types\/page"}],"author":[{"embeddable":true,"href":"https:\/\/www.beschaffungsstrategie.de\/index.php?rest_route=\/wp\/v2\/users\/1"}],"replies":[{"embeddable":true,"href":"https:\/\/www.beschaffungsstrategie.de\/index.php?rest_route=%2Fwp%2Fv2%2Fcomments&post=791"}],"version-history":[{"count":5,"href":"https:\/\/www.beschaffungsstrategie.de\/index.php?rest_route=\/wp\/v2\/pages\/791\/revisions"}],"predecessor-version":[{"id":3618,"href":"https:\/\/www.beschaffungsstrategie.de\/index.php?rest_route=\/wp\/v2\/pages\/791\/revisions\/3618"}],"wp:attachment":[{"href":"https:\/\/www.beschaffungsstrategie.de\/index.php?rest_route=%2Fwp%2Fv2%2Fmedia&parent=791"}],"curies":[{"name":"wp","href":"https:\/\/api.w.org\/{rel}","templated":true}]}}