{"id":928,"date":"2013-07-04T15:47:08","date_gmt":"2013-07-04T13:47:08","guid":{"rendered":"http:\/\/www.materialgruppe.de\/?page_id=928"},"modified":"2024-09-16T17:37:47","modified_gmt":"2024-09-16T15:37:47","slug":"home-2","status":"publish","type":"page","link":"https:\/\/www.beschaffungsstrategie.de\/","title":{"rendered":"Institut f\u00fcr Beschaffungsstrategie"},"content":{"rendered":"\n<p style=\"font-size:18px\"><strong>Prof. Dr. Gerhard He\u00df<\/strong><\/p>\n\n\n<h2><strong><span style=\"font-size: 18px;\"><br \/><\/span><\/strong><a href=\"http:\/\/www.materialgruppe.de\/wp-content\/uploads\/2013\/07\/Neu-Die-strategische-Ausrichtung.jpg\"><img loading=\"lazy\" decoding=\"async\" class=\"alignnone size-full wp-image-978\" src=\"http:\/\/www.materialgruppe.de\/wp-content\/uploads\/2013\/07\/Neu-Die-strategische-Ausrichtung.jpg\" alt=\"Neu Die strategische Ausrichtung\" width=\"1159\" height=\"286\" srcset=\"https:\/\/www.beschaffungsstrategie.de\/wp-content\/uploads\/2013\/07\/Neu-Die-strategische-Ausrichtung.jpg 1159w, https:\/\/www.beschaffungsstrategie.de\/wp-content\/uploads\/2013\/07\/Neu-Die-strategische-Ausrichtung-300x74.jpg 300w, https:\/\/www.beschaffungsstrategie.de\/wp-content\/uploads\/2013\/07\/Neu-Die-strategische-Ausrichtung-1024x252.jpg 1024w, https:\/\/www.beschaffungsstrategie.de\/wp-content\/uploads\/2013\/07\/Neu-Die-strategische-Ausrichtung-500x123.jpg 500w\" sizes=\"auto, (max-width: 1159px) 100vw, 1159px\" \/><\/a><\/h2>\n<p><span style=\"color: #00508c;\">15M-Architektur der Supply-Strategie<sup>\u00ae\u00a0 <\/sup>als grundlegende Systematik<\/span><\/p>\n<p>Die 15M-Architektur der Supply-Strategie ist ein systematischer Ansatz zur Formulierung von Einkaufsstrategien sowie zur nachhaltigen Entwicklung des strategischen Einkaufs. Die 15M-Architektur wurde gemeinam mit Praxispartnern in den Jahren 2006 bis 2008 entwickelt und hat sich in vielf\u00e4ltigen Anwendungssituationen bew\u00e4hrt. Nach zehn Jahren Praxiserfahrung wurde 2016 die Version 2.0 der 15M-Architektur ver\u00f6ffentlicht und im Jahr 2017 im SpringerGabler-Verlag ver\u00f6ffentlicht.<a href=\"http:\/\/www.beschaffungsstrategie.de\/wp-content\/uploads\/2013\/07\/Haus-neu.png\"><img loading=\"lazy\" decoding=\"async\" class=\"wp-image-2787 alignright\" src=\"http:\/\/www.beschaffungsstrategie.de\/wp-content\/uploads\/2013\/07\/Haus-neu-300x175.png\" alt=\"\" width=\"260\" height=\"152\" srcset=\"https:\/\/www.beschaffungsstrategie.de\/wp-content\/uploads\/2013\/07\/Haus-neu-300x175.png 300w, https:\/\/www.beschaffungsstrategie.de\/wp-content\/uploads\/2013\/07\/Haus-neu-1024x598.png 1024w, https:\/\/www.beschaffungsstrategie.de\/wp-content\/uploads\/2013\/07\/Haus-neu-500x292.png 500w, https:\/\/www.beschaffungsstrategie.de\/wp-content\/uploads\/2013\/07\/Haus-neu.png 1776w\" sizes=\"auto, (max-width: 260px) 100vw, 260px\" \/><\/a><\/p>\n<p>Alle Aufgabenstellungen des strategischen Einkaufs sind in der 15M-Architektur ber\u00fccksichtigt und konsistent verkn\u00fcpft, z. B.:<\/p>\n<ul>\n<li>Strategische Ausrichtung und Steuerung des Einkaufs und der Beschaffung<\/li>\n<li>Ein durchg\u00e4ngiges Risikomanagement<\/li>\n<li>Materialgruppenmanagement zur strategischen Steuerung der Beschaffungsm\u00e4rkte<\/li>\n<li>Lieferantenmanagement und Lieferantenstrategien<\/li>\n<li>Strategische Optimierung der Beschaffungsprozesse, z. B. mit einer durchg\u00e4ngigen Digitalisierung<\/li>\n<li>Performance Management mit Einkaufscontrolling und Reifegradmanagement<\/li>\n<\/ul>\n<p>Der modulare Aufbau des Konzeptes in f\u00fcnf Strategiebausteinen und 15 Modulen erm\u00f6glicht die schrittweise Vorgehensweise beim Aufbau des strategischen Einkaufs und der Formulierung einer Supply-Strategie.<\/p>\n<p><a href=\"http:\/\/www.beschaffungsstrategie.de\/wp-content\/uploads\/2013\/07\/\u00dcberschrift-1.png\"><img loading=\"lazy\" decoding=\"async\" class=\"alignnone wp-image-3180\" src=\"http:\/\/www.beschaffungsstrategie.de\/wp-content\/uploads\/2013\/07\/\u00dcberschrift-1.png\" alt=\"\" width=\"1087\" height=\"126\" srcset=\"https:\/\/www.beschaffungsstrategie.de\/wp-content\/uploads\/2013\/07\/\u00dcberschrift-1.png 1087w, https:\/\/www.beschaffungsstrategie.de\/wp-content\/uploads\/2013\/07\/\u00dcberschrift-1-300x35.png 300w, https:\/\/www.beschaffungsstrategie.de\/wp-content\/uploads\/2013\/07\/\u00dcberschrift-1-768x89.png 768w, https:\/\/www.beschaffungsstrategie.de\/wp-content\/uploads\/2013\/07\/\u00dcberschrift-1-1024x119.png 1024w, https:\/\/www.beschaffungsstrategie.de\/wp-content\/uploads\/2013\/07\/\u00dcberschrift-1-500x58.png 500w\" sizes=\"auto, (max-width: 1087px) 100vw, 1087px\" \/><\/a><\/p>\n<p><strong>Homepage:<\/strong><br \/>Informationen zur 15M-Architektur der Supply-Strategie. <a href=\"http:\/\/www.beschaffungsstrategie.de\/?page_id=12\"><strong>mehr<\/strong> <\/a><\/p>\n<p><strong>Leitfaden (Standardwerk der 15M-Architektur):<\/strong><br \/>Gerhard He\u00df: Strategischer Einkauf und Supply-Strategie &#8211; Schrittweise Entwicklung des strategischen Einkaufs mit der 15M-Architektur 2.0 SpringerGabler Verlag 2017,<br \/>270 Seiten <strong><a href=\"http:\/\/www.beschaffungsstrategie.de\/wp-content\/uploads\/2016\/06\/Buchtitel.jpg\">\u00a0\u00a0\u00a0\u00a0 mehr<\/a><br \/><img loading=\"lazy\" decoding=\"async\" class=\"alignnone wp-image-3175\" src=\"http:\/\/www.beschaffungsstrategie.de\/wp-content\/uploads\/2013\/07\/Buch-png-210x300.png\" alt=\"\" width=\"141\" height=\"196\" \/><\/strong><\/p>\n<p><img decoding=\"async\" src=\"http:\/\/www.beschaffungsstrategie.de\/wp-content\/uploads\/2021\/10\/weitere-Veroeffentlichungen-zur-15M-Architektur-2.png\" \/><\/p>\n<p><strong>Markt\u00fcbersicht zu Softwaretools im Risikomanagement des Einkaufs<\/strong><br \/>Gerhard He\u00df, Jannik Fritz: Systemischer \u00dcberblick zu den Softwaretools im Risikomanagement im Einkauf, 2022, ISBN 978-3-9821670-2-2, 115 Seiten\u00a0 <strong><a href=\"http:\/\/www.beschaffungsstrategie.de\/wp-content\/uploads\/2022\/09\/15M_Risikomanagement_Titel_ges_mKontur_220729-scaled.jpg\">mehr<\/a><\/strong><\/p>\n<p>Bestellung ausschlie\u00dflich \u00fcber <a href=\"http:\/\/www.beschaffungsstrategie.de\/?page_id=1698\">Institut f\u00fcr Beschaffungsstrategie<\/a> zum Preis von 25,00 \u20ac inkl. Versand f\u00fcr Deutschland<\/p>\n<p><img loading=\"lazy\" decoding=\"async\" class=\"alignnone\" src=\"http:\/\/www.beschaffungsstrategie.de\/wp-content\/uploads\/2022\/09\/15M_Risikomanagement_Titel_mKontur_220929-scaled.jpg\" width=\"158\" height=\"219\" \/><\/p>\n<p><strong>Resilienz im Einkauf<br \/><\/strong>He\u00df, Gerhard, Kleinlein, Ann-Christin: Resilienz im Einkauf &#8211; Konzept und Praxisleitfaden zum Management unerwarteter Risiken in der Lieferkette, SpringerGabler-Verlag 2021\u00a0\u00a0\u00a0\u00a0 <a href=\"http:\/\/www.beschaffungsstrategie.de\/wp-content\/uploads\/2021\/10\/Cover-Resilienz.pdf\"><strong>mehr\u00a0<\/strong><\/a><\/p>\n<p><strong><img loading=\"lazy\" decoding=\"async\" class=\"\" src=\"http:\/\/www.beschaffungsstrategie.de\/wp-content\/uploads\/2021\/10\/Resilienz-im-Einkauf.png\" width=\"138\" height=\"210\" \/><\/strong><\/p>\n<p><strong>Strategischer Dienstleistungseinkauf<br \/><\/strong>Gerhard He\u00df, Elmar Holschbach, Florian C. Kleemann: Strategischer Dienstleistungseinkauf &#8211; Leitfaden zur systematischen Umsetzung im Supply Management, SpringerGabler Verlag 2020, 259 Seiten\u00a0\u00a0\u00a0 <a href=\"http:\/\/www.beschaffungsstrategie.de\/wp-content\/uploads\/2021\/02\/ProductFlyer_9783658307981.pdf\"><strong>mehr<\/strong><\/a><\/p>\n<p><strong><img loading=\"lazy\" decoding=\"async\" class=\"\" src=\"http:\/\/www.beschaffungsstrategie.de\/wp-content\/uploads\/2021\/01\/Strategischer-Dienstleistungseinkauf-002-e1611763129522.jpg\" alt=\"Dieses Bild hat ein leeres Alt-Attribut. Der Dateiname ist Strategischer-Dienstleistungseinkauf-002-e1611763129522.jpg\" width=\"148\" height=\"207\" \/><\/strong><\/p>\n<p><strong>Strategische Transformation im Einkauf<br \/><\/strong>Gerhard He\u00df, Manfred Laschinger: Strategische Transformation im Einkauf &#8211; Fallstudie und Anleitung zur praktischen Umsetzung, SpringerGabler Verlag 2019, 188 Seiten\u00a0\u00a0 <a href=\"http:\/\/www.beschaffungsstrategie.de\/wp-content\/uploads\/2019\/07\/Flyer-Strategische-Transformation.pdf\"><strong>mehr<\/strong><\/a><\/p>\n<p><img loading=\"lazy\" decoding=\"async\" src=\"http:\/\/www.beschaffungsstrategie.de\/wp-content\/uploads\/2019\/07\/Titelbild.jpg\" alt=\"Dieses Bild hat ein leeres Alt-Attribut. Der Dateiname ist Titelbild.jpg\" width=\"138\" height=\"192\" \/> \u00a0\u00a0\u00a0\u00a0\u00a0\u00a0<\/p>\n<p>Aktuell erscheint zur <strong>Strategischen Transformation im Einkauf<\/strong> eine <strong>Artikelserie in der Beschaffung<\/strong> <strong>aktuell<\/strong> ab M\u00e4rz 2020.<br \/>Teil 1: Wie sich der Einkauf bei der Schreiner Group zum strategischen Player entwickelt<br \/>Teil 2: Transparenz und Strukturen schaffen<br \/>Teil 3: Den Strategischen Einkauf professionalisieren<br \/>Teil 4: Integration in die Unternehmensstrategie vorantreiben<br \/>Teil 5: Changemanagement &#8211; Mitarbeiter mitnehmen<\/p>\n<p>Auf Wunsch senden wir Ihnen kostenlos die Artikelserie zur Strategischen Transformation im Einkauf aus der Beschaffung aktuell zu.<br \/>Anfrage bitte formlos mit Angabe von Adresse und E-Mail an <a href=\"http:\/\/www.beschaffungsstrategie.de\/?page_id=1698\">Institut f\u00fcr Beschaffungsstrategie<\/a>\u00a0richten.<\/p>\n<p><strong>Leitfaden in englischer Sprache:<\/strong><br \/>Gerhard He\u00df: Strategic Purchasing and Supply Strategy &#8211; Step-by-Step Development of Strategic Purchasing with the 15M Architecture, N\u00fcrnberg, 2020. ISBN 978-3-9821670-0-8 <br \/>Translation from the german language edition: Strategischer Einkauf und Supply-Strategie: Schrittweise Entwicklung des strategischen Einkaufs mit der 15M-Architektur 2.0, 4. Aufl. Wiesbaden 2017. <a href=\"http:\/\/www.beschaffungsstrategie.de\/wp-content\/uploads\/2020\/03\/Flyer-15M-Englisch.pdf\"><strong>mehr<\/strong><\/a><br \/>Bestellung ausschlie\u00dflich \u00fcber <a href=\"http:\/\/www.beschaffungsstrategie.de\/?page_id=1698\">Institut f\u00fcr Beschaffungsstrategie<\/a> zum Preis von 34,90 \u20ac zzgl. Versand f\u00fcr Deutschland + 3,00 \u20ac<\/p>\n<p><img loading=\"lazy\" decoding=\"async\" src=\"http:\/\/www.beschaffungsstrategie.de\/wp-content\/uploads\/2020\/03\/15M-Englisch-002-1-206x300.png\" alt=\"Dieses Bild hat ein leeres Alt-Attribut. Der Dateiname ist 15M-Englisch-002-1-206x300.png\" width=\"141\" height=\"199\" \/><\/p>\n<p><strong>Zweit\u00e4giger Weiterbildungsworkshop:<\/strong><br \/><strong>Einkaufsstrategie und nachhaltige Entwicklung des strategischen Einkaufs<\/strong><br \/>Nach dem Workshop kennen Sie die 15M-Architektur der Supply-Strategie und wissen, wie Sie diese in Ihrem Unternehmen anwenden k\u00f6nnen. Sie haben f\u00fcr Ihr Unternehmen ein Konzept entwickelt, wie Sie eine systematische Einkaufsstrategie sowie Ihren strategischen Einkauf nachhaltig entwickeln. Sie haben erste \u00dcberlegungen zur Umsetzung des Konzeptes erarbeitet und wissen wie Sie weiter vorgehen k\u00f6nnen. <a href=\"http:\/\/www.beschaffungsstrategie.de\/?page_id=1363\"><strong>mehr<\/strong><\/a><\/p>\n<p><strong>Reifegradworkshop:<\/strong><br \/>Mit der 15M-Reifegradbewertung lernen Sie die 15M-Architektur detailliert kennen. In einem ein- bis zweit\u00e4gigen Workshop wird Ihr Einkauf mit der 15M-Architektur gespiegelt. Dabei werden der aktuelle Entwicklungsstand sowie Verbesserungspotenziale Ihres Einkaufs ermittelt. Dar\u00fcber hinaus wird ein Reifegradscore ermittelt. Der Reifegradscore zeigt wie sich die Reife des Einkaufs \u00fcber die Jahre verbessert. Die Reifegradbewertung ist der ideale Startpunkt einer Strategieentwicklung im Einkauf. <a href=\"http:\/\/www.beschaffungsstrategie.de\/?page_id=61\"><strong>mehr<\/strong><\/a><\/p>\n<p><strong>Grundlagenwerk:<\/strong><br \/>Gerhard He\u00df: Supply-Strategien in Einkauf und Beschaffung, Springer Verlag 2. Aufl. 2010. Grundlegende Darstellung der urspr\u00fcnglichen 15MArchitektur Version 1.0. Insbesondere die begrifflichen Grundlagen, die Ausf\u00fchrungen zu Marktstrategien, Lieferantenbewertung und zur Organisation sind in diesem Werk tiefer gehend dargestellt. <a href=\"http:\/\/www.beschaffungsstrategie.de\/?page_id=1674\"><strong>mehr<\/strong><\/a><\/p>\n<p><a href=\"http:\/\/www.beschaffungsstrategie.de\/wp-content\/uploads\/2013\/07\/15M-Architektur-mit-Strategiebausteinen.jpg\"><img loading=\"lazy\" decoding=\"async\" class=\"alignnone wp-image-1038\" src=\"http:\/\/www.beschaffungsstrategie.de\/wp-content\/uploads\/2013\/07\/15M-Architektur-mit-Strategiebausteinen.jpg\" alt=\"\" width=\"260\" height=\"145\" srcset=\"https:\/\/www.beschaffungsstrategie.de\/wp-content\/uploads\/2013\/07\/15M-Architektur-mit-Strategiebausteinen.jpg 795w, https:\/\/www.beschaffungsstrategie.de\/wp-content\/uploads\/2013\/07\/15M-Architektur-mit-Strategiebausteinen-300x167.jpg 300w, https:\/\/www.beschaffungsstrategie.de\/wp-content\/uploads\/2013\/07\/15M-Architektur-mit-Strategiebausteinen-500x279.jpg 500w\" sizes=\"auto, (max-width: 260px) 100vw, 260px\" \/><\/a><\/p>\n<h2><span style=\"color: #00508c;\">\u00a0<a href=\"http:\/\/www.materialgruppe.de\/wp-content\/uploads\/2013\/07\/Anwendungen-und-Support-Neu.png\"><img loading=\"lazy\" decoding=\"async\" class=\"alignnone wp-image-1469 size-full\" src=\"http:\/\/www.beschaffungsstrategie.de\/wp-content\/uploads\/2013\/07\/Anwendungen-und-Support-Neu.png\" alt=\"Anwendungen und Support Neu\" width=\"1087\" height=\"70\" srcset=\"https:\/\/www.beschaffungsstrategie.de\/wp-content\/uploads\/2013\/07\/Anwendungen-und-Support-Neu.png 1087w, https:\/\/www.beschaffungsstrategie.de\/wp-content\/uploads\/2013\/07\/Anwendungen-und-Support-Neu-300x19.png 300w, https:\/\/www.beschaffungsstrategie.de\/wp-content\/uploads\/2013\/07\/Anwendungen-und-Support-Neu-1024x65.png 1024w, https:\/\/www.beschaffungsstrategie.de\/wp-content\/uploads\/2013\/07\/Anwendungen-und-Support-Neu-500x32.png 500w\" sizes=\"auto, (max-width: 1087px) 100vw, 1087px\" \/><\/a><\/span><\/h2>\n<p><a href=\"http:\/\/www.materialgruppe.de\/wp-content\/uploads\/2013\/07\/Logo_symbolen_3107.jpg\"><img loading=\"lazy\" decoding=\"async\" class=\"alignnone size-full wp-image-1096\" src=\"http:\/\/www.materialgruppe.de\/wp-content\/uploads\/2013\/07\/Logo_symbolen_3107.jpg\" alt=\"Logo_symbolen_3107\" width=\"793\" height=\"294\" srcset=\"https:\/\/www.beschaffungsstrategie.de\/wp-content\/uploads\/2013\/07\/Logo_symbolen_3107.jpg 793w, https:\/\/www.beschaffungsstrategie.de\/wp-content\/uploads\/2013\/07\/Logo_symbolen_3107-300x111.jpg 300w, https:\/\/www.beschaffungsstrategie.de\/wp-content\/uploads\/2013\/07\/Logo_symbolen_3107-500x185.jpg 500w\" sizes=\"auto, (max-width: 793px) 100vw, 793px\" \/><\/a><\/p>\n<h2>\u00a0<img loading=\"lazy\" decoding=\"async\" style=\"margin-top: -10px; margin-bottom: -10px;\" src=\"http:\/\/www.materialgruppe.de\/wp-content\/uploads\/2013\/07\/dreieck-01.png\" alt=\"dreieck-01\" width=\"63\" height=\"63\" \/>Einkaufsstrategie entwickeln<\/h2>\n<p style=\"text-align: left;\">Wir unterst\u00fctzen Sie bei der Formulierung von Einkaufsstrategien sowie bei der nachhaltigen Entwicklung Ihres strategischen Einkaufs. Hierzu bieten wir ein breites Methodenspektrum beispielsweise f\u00fcr die Entwicklung von Beschaffungsmarktstrategien, von Lieferantenbewertung und Lieferantenstrategien, einer Messung des Wertbeitrags sowie des Einkaufscontrollings oder des Risikomanagements. Mit der 15M-Architektur liegt ein systematischer und ganzheitlicher Ansatz zugrunde.\u00a0\u00a0 <a title=\"Einkaufsstrategie\" href=\"http:\/\/www.beschaffungsstrategie.de\/?page_id=61\"><strong>mehr<\/strong><\/a><br \/><span style=\"color: #93be0d;\">_________________________________________________________________________________<\/span><\/p>\n<h2>\u00a0<a href=\"http:\/\/www.materialgruppe.de\/wp-content\/uploads\/2013\/07\/viereck-01.png\"><img loading=\"lazy\" decoding=\"async\" class=\"alignnone wp-image-1031\" style=\"margin-top: -10px; margin-bottom: -10px;\" src=\"http:\/\/www.materialgruppe.de\/wp-content\/uploads\/2013\/07\/viereck-01.png\" alt=\"viereck-01\" width=\"63\" height=\"61\" \/><\/a>\u00a0 Forschung<\/h2>\n<address>Wir interessieren uns f\u00fcr die systematische\u00a0Entwicklung und Anwendung von Wissen zum\u00a0strategischen Einkauf. Im Fokus stehen die\u00a0Entwicklung praxisgerechter Methoden und Konzepte f\u00fcr den\u00a0strategischen Einkauf sowie die Analyse und Verbesserung von<br \/>deren Anwendungsbedingungen in der Unternehmenspraxis.\u00a0\u00a0 <strong><a title=\"Forschung\" href=\"http:\/\/www.beschaffungsstrategie.de\/?page_id=317\">mehr\u00a0<\/a>\u00a0\u00a0\u00a0<\/strong><br \/><span style=\"color: #c00518;\">__________________________________________________________________________________<\/span><\/address>\n<h2><a href=\"http:\/\/www.materialgruppe.de\/wp-content\/uploads\/2013\/07\/kreis-01.png\"><img loading=\"lazy\" decoding=\"async\" style=\"margin-top: -10px; margin-bottom: -10px;\" src=\"http:\/\/www.materialgruppe.de\/wp-content\/uploads\/2013\/07\/kreis-01.png\" alt=\"kreis-01\" width=\"63\" height=\"63\" \/><\/a>\u00a0 Berufsbegleitende Weiterbildung und Trainings<\/h2>\n<p>Wir schulen und trainieren erfahrene Eink\u00e4ufer. In Tagesworkshops lernen Sie die 15M-Architektur der Supply-Strategie kennen. Zusammen mit dem Management-Institut der Technischen Hochschule \u00a0N\u00fcrnberg bieten wir berufsbegleitende Master- und Zertifikatslehrg\u00e4nge f\u00fcr erfahrene Eink\u00e4ufer bzw. Logistiker auf Hochschulniveau an.\u00a0\u00a0 <a title=\"Weiterbildung und Veranstaltungen\" href=\"http:\/\/www.beschaffungsstrategie.de\/?page_id=18\"><strong>mehr<br \/><\/strong><\/a>\u00a0<span style=\"color: #fed501;\">____________________________________________________________________________________<\/span><\/p>\n<h2>\u00a0<a href=\"http:\/\/www.materialgruppe.de\/wp-content\/uploads\/2013\/07\/hellblaues-Symbol.png\"><img loading=\"lazy\" decoding=\"async\" style=\"margin-top: -10px; margin-bottom: -10px;\" src=\"http:\/\/www.materialgruppe.de\/wp-content\/uploads\/2013\/07\/hellblaues-Symbol.png\" alt=\"hellblaues Symbol\" width=\"52\" height=\"59\" \/><\/a>\u00a0 Einkaufswissen<\/h2>\n<p>Hier erhalten Sie interessante Informationen rund um den Einkauf. Im Glossar werden wesentliche Begriffe erkl\u00e4rt und in der Regel der Bezug zur 15M-Architektur der Supply-Strategie hergestellt.\u00a0\u00a0 <strong><a title=\"Einkaufswissen\" href=\"http:\/\/www.beschaffungsstrategie.de\/?page_id=148\">mehr<\/a><br \/><\/strong>\u00a0<span style=\"color: #b1bfd9;\">_____________________________________________________________________________________<\/span><\/p>\n\n\n<p><\/p>\n","protected":false},"excerpt":{"rendered":"<p>Prof. Dr. Gerhard He\u00df 15M-Architektur der Supply-Strategie\u00ae\u00a0 als grundlegende Systematik Die 15M-Architektur der Supply-Strategie ist ein systematischer Ansatz zur Formulierung von Einkaufsstrategien sowie zur nachhaltigen Entwicklung des strategischen Einkaufs. Die 15M-Architektur wurde gemeinam mit Praxispartnern in den Jahren 2006 bis &hellip; <a href=\"https:\/\/www.beschaffungsstrategie.de\/\">Weiterlesen <span class=\"meta-nav\">&rarr;<\/span><\/a><\/p>\n","protected":false},"author":1,"featured_media":0,"parent":0,"menu_order":0,"comment_status":"closed","ping_status":"closed","template":"sidebar-page.php","meta":{"footnotes":""},"class_list":["post-928","page","type-page","status-publish","hentry"],"_links":{"self":[{"href":"https:\/\/www.beschaffungsstrategie.de\/index.php?rest_route=\/wp\/v2\/pages\/928","targetHints":{"allow":["GET"]}}],"collection":[{"href":"https:\/\/www.beschaffungsstrategie.de\/index.php?rest_route=\/wp\/v2\/pages"}],"about":[{"href":"https:\/\/www.beschaffungsstrategie.de\/index.php?rest_route=\/wp\/v2\/types\/page"}],"author":[{"embeddable":true,"href":"https:\/\/www.beschaffungsstrategie.de\/index.php?rest_route=\/wp\/v2\/users\/1"}],"replies":[{"embeddable":true,"href":"https:\/\/www.beschaffungsstrategie.de\/index.php?rest_route=%2Fwp%2Fv2%2Fcomments&post=928"}],"version-history":[{"count":145,"href":"https:\/\/www.beschaffungsstrategie.de\/index.php?rest_route=\/wp\/v2\/pages\/928\/revisions"}],"predecessor-version":[{"id":4520,"href":"https:\/\/www.beschaffungsstrategie.de\/index.php?rest_route=\/wp\/v2\/pages\/928\/revisions\/4520"}],"wp:attachment":[{"href":"https:\/\/www.beschaffungsstrategie.de\/index.php?rest_route=%2Fwp%2Fv2%2Fmedia&parent=928"}],"curies":[{"name":"wp","href":"https:\/\/api.w.org\/{rel}","templated":true}]}}